{"id":2105,"date":"2023-02-07T12:28:14","date_gmt":"2023-02-07T11:28:14","guid":{"rendered":"https:\/\/tirrena.global\/project-cargo-machinery\/"},"modified":"2023-07-22T18:06:47","modified_gmt":"2023-07-22T16:06:47","slug":"project-cargo-machinery","status":"publish","type":"page","link":"https:\/\/tirrena.global\/pt-br\/project-cargo-machinery\/","title":{"rendered":"Carga de Projeto e Maquin\u00e1rio"},"content":{"rendered":"<div class=\"wpb-content-wrapper\">[vc_row css_animation=&#8221;fadeIn&#8221; full_width=&#8221;stretch_row&#8221; content_placement=&#8221;middle&#8221; el_class=&#8221;min_height650 min_height300&#8243; css=&#8221;.vc_custom_1677757312321{background-image: url(https:\/\/tirrena.global\/wp-content\/uploads\/2023\/03\/project_cargo_machinery.png?id=617) !important;background-position: center !important;background-repeat: no-repeat !important;background-size: cover !important;}&#8221;][vc_column css_animation=&#8221;fadeInLeft&#8221; width=&#8221;2\/3&#8243; css_animation_delay=&#8221;0.4&#8243;][vc_column_text el_class=&#8221;scritta_bg&#8221;]Tirrena[\/vc_column_text][vc_column_text color=&#8221;#ffffff&#8221; el_class=&#8221;titolo_pag_servizi&#8221;]\n<h1>Carga de Projeto e Maquin\u00e1rio<\/h1>\n[\/vc_column_text][\/vc_column][vc_column width=&#8221;1\/3&#8243;][\/vc_column][\/vc_row][vc_row content_placement=&#8221;middle&#8221; el_class=&#8221;margin_top150&#8243;][vc_column css_animation=&#8221;fadeInLeft&#8221; width=&#8221;5\/12&#8243; el_class=&#8221;margine_mobile60&#8243;][vc_single_image image=&#8221;1735&#8243; el_class=&#8221;desktop&#8221;][vc_row_inner css=&#8221;.vc_custom_1677668323323{background: #00769a url(https:\/\/tirrena.global\/wp-content\/uploads\/2023\/02\/Simbolo.png?id=133) !important;background-position: center !important;background-repeat: no-repeat !important;background-size: contain !important;}&#8221; el_class=&#8221;riga_staff_company&#8221;][vc_column_inner][vc_column_text color=&#8221;#ffffff&#8221; font_size=&#8221;35px&#8221; font_family=&#8221;Inter&#8221; line_height=&#8221;40px&#8221; font_weight=&#8221;700&#8243;]Gerenciamento abrangente[\/vc_column_text][\/vc_column_inner][\/vc_row_inner][\/vc_column][vc_column width=&#8221;1\/12&#8243;][\/vc_column][vc_column css_animation=&#8221;fadeInRight&#8221; width=&#8221;1\/2&#8243;][vc_column_text el_class=&#8221;scritta_bg scritta_bg_home&#8221;]Projeto[\/vc_column_text][vc_column_text color=&#8221;#a9aeb3&#8243; font_size=&#8221;12px&#8221; font_family=&#8221;Inter&#8221; font_weight=&#8221;700&#8243;]\n<p style=\"margin-bottom: 0cm; background: white; vertical-align: baseline;\"><b><span lang=\"PT-BR\" style=\"font-size: 9.0pt; font-family: 'Inter',serif; color: #a9aeb3;\">ENVIO DE CARGA DE PROJETO DE CARGAS PESADAS<\/span><\/b><\/p>\n[\/vc_column_text][vc_column_text el_class=&#8221;line_height&#8221;]\n<h2>N\u00e3o teme <span style=\"color: #00769a;\">dist\u00e2ncias<\/span><\/h2>\n[\/vc_column_text][vc_column_text css=&#8221;.vc_custom_1689503233221{margin-top: 40px !important;}&#8221;]\n<p style=\"background: white; vertical-align: baseline;\"><span lang=\"PT-BR\" style=\"font-family: 'Inter',serif; color: #696e76;\">A Tirrena organiza e realiza embarques de Carga de Projeto de cargas pesadas ou superdimensionadas, por via a\u00e9rea, terrestre e mar\u00edtima (com navios porta-cont\u00eaineres ou convencionais) para qualquer destino.<\/span><\/p>\n<p style=\"background: white; vertical-align: baseline;\"><span lang=\"PT-BR\" style=\"font-family: 'Inter',serif; color: #696e76;\">A empresa est\u00e1 apta a realizar o manuseio &#8220;door to door&#8221; de plantas e m\u00e1quinas, m\u00f3dulos fabris, componentes das ind\u00fastrias de petr\u00f3leo e g\u00e1s \/ a\u00e7o \/ mec\u00e2nica \/ n\u00e1utica e muitos outros, lidando tamb\u00e9m com o armazenamento e posicionamento de artefatos no porto ou armaz\u00e9ns \u00e0 espera do embarque.<\/span><\/p>\n<p style=\"margin-bottom: 0cm; background: white; vertical-align: baseline;\"><span lang=\"PT-BR\" style=\"font-family: 'Inter',serif; color: #696e76;\">O servi\u00e7o de Carga de Projeto apresenta complexidades e quest\u00f5es cr\u00edticas que a Tirrena gerencia em nome do cliente para garantir o sucesso das opera\u00e7\u00f5es: desde a avalia\u00e7\u00e3o de viabilidade do projeto at\u00e9 o planejamento documental e log\u00edstico, desde a assist\u00eancia de seguro at\u00e9 a solicita\u00e7\u00e3o de licen\u00e7as especiais e aconselhamento aduaneiro, at\u00e9 finalmente chegar \u00e0 entrega de mercadorias.<\/span><\/p>\n[\/vc_column_text][\/vc_column][\/vc_row][vc_row full_width=&#8221;stretch_row&#8221; content_placement=&#8221;middle&#8221; equal_height=&#8221;yes&#8221; css=&#8221;.vc_custom_1677763994804{background: #e0efee url(https:\/\/tirrena.global\/wp-content\/uploads\/2023\/03\/simbolo_tirrena_project_cargo.png?id=668) !important;background-position: 0 0 !important;background-repeat: no-repeat !important;}&#8221; el_class=&#8221;bg_azzurro_company margin_top100 margine_mobile60&#8243; wpex_bg_position=&#8221;0% 100%&#8221;][vc_column css_animation=&#8221;fadeInRight&#8221; width=&#8221;5\/12&#8243; el_class=&#8221;dx&#8221;][vc_single_image image=&#8221;1750&#8243; el_class=&#8221;desktop&#8221;][\/vc_column][vc_column css_animation=&#8221;fadeInLeft&#8221; width=&#8221;1\/2&#8243;][vc_column_text color=&#8221;#a9aeb3&#8243; font_size=&#8221;12px&#8221; font_family=&#8221;Inter&#8221; font_weight=&#8221;700&#8243;]\n<p style=\"margin-bottom: 0cm; vertical-align: baseline;\"><b><span lang=\"PT-BR\" style=\"font-size: 9.0pt; font-family: 'Inter',serif; color: #a9aeb3;\">UM \u00d3TIMO SERVI\u00c7O PARA ATENDER A GRANDES NECESSIDADES<\/span><\/b><\/p>\n[\/vc_column_text][vc_column_text el_class=&#8221;line_height&#8221;]\n<h2>Carga de\u00a0<span style=\"color: #00769a;\">projeto<\/span><\/h2>\n[\/vc_column_text][vc_column_text css=&#8221;.vc_custom_1689503295567{margin-top: 40px !important;}&#8221;]Gra\u00e7as ao know-how t\u00e9cnico-t\u00e9cnico de engenharia de sua equipe, \u00e0s parcerias com os mais importantes operadores do setor, \u00e0 cuidadosa avalia\u00e7\u00e3o de riscos e ao profundo conhecimento da legisla\u00e7\u00e3o dos pa\u00edses envolvidos nas opera\u00e7\u00f5es, a Tirrena \u00e9 capaz de produzir solu\u00e7\u00f5es log\u00edsticas personalizadas e altamente otimizadas em custos e prazos, com o objetivo de oferecer aos seus clientes as melhores condi\u00e7\u00f5es operacionais e econ\u00f4micas.<\/p>\n<p>O Project Cargo oferecido pela Tirrena n\u00e3o teme tamanho ou dist\u00e2ncia: \u00e9 um \u00f3timo servi\u00e7o para responder a grandes necessidades.[\/vc_column_text][\/vc_column][vc_column width=&#8221;1\/12&#8243;][\/vc_column][\/vc_row][vc_row css_animation=&#8221;fadeInUp&#8221; content_placement=&#8221;middle&#8221; el_class=&#8221;margin_top100&#8243; css=&#8221;.vc_custom_1678270864435{margin-bottom: 70px !important;}&#8221;][vc_column css_animation=&#8221;none&#8221;]<div class=\"vcex-image-grid-wrap wpex-clr\"><div class=\"vcex-module vcex-image-grid grid-style-default wpex-row wpex-clr gap-10 wpex-lightbox-group\"><div class=\"id-1743 vcex-image-grid-entry vcex-grid-item textcenter span_1_of_4 col col-1\"><figure class=\"vcex-image-grid-entry-figure wpex-last-mb-0 wpex-clr\"><div class=\"vcex-image-grid-entry-img entry-media wpex-mb-20\"><a href=\"https:\/\/tirrena.global\/wp-content\/uploads\/2023\/03\/9-1.jpg\" class=\"vcex-image-grid-entry-link wpex-lightbox-group-item\" ><img loading=\"lazy\" class=\"wpex-align-middle\" decoding=\"async\" src=\"https:\/\/tirrena.global\/wp-content\/uploads\/2023\/03\/9-1-300x300.jpg\" alt=\"\" srcset=\"https:\/\/tirrena.global\/wp-content\/uploads\/2023\/03\/9-1-300x300.jpg 300w, https:\/\/tirrena.global\/wp-content\/uploads\/2023\/03\/9-1-150x150.jpg 150w\" width=\"300\" height=\"300\"><\/a><\/div><\/figure><\/div><div class=\"id-1742 vcex-image-grid-entry vcex-grid-item textcenter span_1_of_4 col col-2\"><figure class=\"vcex-image-grid-entry-figure wpex-last-mb-0 wpex-clr\"><div class=\"vcex-image-grid-entry-img entry-media wpex-mb-20\"><a href=\"https:\/\/tirrena.global\/wp-content\/uploads\/2023\/03\/8-1.jpg\" class=\"vcex-image-grid-entry-link wpex-lightbox-group-item\" ><img loading=\"lazy\" class=\"wpex-align-middle\" decoding=\"async\" src=\"https:\/\/tirrena.global\/wp-content\/uploads\/2023\/03\/8-1-300x300.jpg\" alt=\"\" srcset=\"https:\/\/tirrena.global\/wp-content\/uploads\/2023\/03\/8-1-300x300.jpg 300w, https:\/\/tirrena.global\/wp-content\/uploads\/2023\/03\/8-1-150x150.jpg 150w\" width=\"300\" height=\"300\"><\/a><\/div><\/figure><\/div><div class=\"id-1741 vcex-image-grid-entry vcex-grid-item textcenter span_1_of_4 col col-3\"><figure class=\"vcex-image-grid-entry-figure wpex-last-mb-0 wpex-clr\"><div class=\"vcex-image-grid-entry-img entry-media wpex-mb-20\"><a href=\"https:\/\/tirrena.global\/wp-content\/uploads\/2023\/03\/7-1.jpg\" class=\"vcex-image-grid-entry-link wpex-lightbox-group-item\" ><img loading=\"lazy\" class=\"wpex-align-middle\" decoding=\"async\" src=\"https:\/\/tirrena.global\/wp-content\/uploads\/2023\/03\/7-1-300x300.jpg\" alt=\"\" srcset=\"https:\/\/tirrena.global\/wp-content\/uploads\/2023\/03\/7-1-300x300.jpg 300w, https:\/\/tirrena.global\/wp-content\/uploads\/2023\/03\/7-1-150x150.jpg 150w\" width=\"300\" height=\"300\"><\/a><\/div><\/figure><\/div><div class=\"id-1740 vcex-image-grid-entry vcex-grid-item textcenter span_1_of_4 col col-4\"><figure class=\"vcex-image-grid-entry-figure wpex-last-mb-0 wpex-clr\"><div class=\"vcex-image-grid-entry-img entry-media wpex-mb-20\"><a href=\"https:\/\/tirrena.global\/wp-content\/uploads\/2023\/03\/6-1.jpg\" class=\"vcex-image-grid-entry-link wpex-lightbox-group-item\" ><img loading=\"lazy\" class=\"wpex-align-middle\" decoding=\"async\" src=\"https:\/\/tirrena.global\/wp-content\/uploads\/2023\/03\/6-1-300x300.jpg\" alt=\"\" srcset=\"https:\/\/tirrena.global\/wp-content\/uploads\/2023\/03\/6-1-300x300.jpg 300w, https:\/\/tirrena.global\/wp-content\/uploads\/2023\/03\/6-1-150x150.jpg 150w\" width=\"300\" height=\"300\"><\/a><\/div><\/figure><\/div><div class=\"id-1739 vcex-image-grid-entry vcex-grid-item textcenter span_1_of_4 col col-1\"><figure class=\"vcex-image-grid-entry-figure wpex-last-mb-0 wpex-clr\"><div class=\"vcex-image-grid-entry-img entry-media wpex-mb-20\"><a href=\"https:\/\/tirrena.global\/wp-content\/uploads\/2023\/03\/5-1.jpg\" class=\"vcex-image-grid-entry-link wpex-lightbox-group-item\" ><img loading=\"lazy\" class=\"wpex-align-middle\" decoding=\"async\" src=\"https:\/\/tirrena.global\/wp-content\/uploads\/2023\/03\/5-1-300x300.jpg\" alt=\"\" srcset=\"https:\/\/tirrena.global\/wp-content\/uploads\/2023\/03\/5-1-300x300.jpg 300w, https:\/\/tirrena.global\/wp-content\/uploads\/2023\/03\/5-1-150x150.jpg 150w\" width=\"300\" height=\"300\"><\/a><\/div><\/figure><\/div><div class=\"id-1738 vcex-image-grid-entry vcex-grid-item textcenter span_1_of_4 col col-2\"><figure class=\"vcex-image-grid-entry-figure wpex-last-mb-0 wpex-clr\"><div class=\"vcex-image-grid-entry-img entry-media wpex-mb-20\"><a href=\"https:\/\/tirrena.global\/wp-content\/uploads\/2023\/03\/4-1.jpg\" class=\"vcex-image-grid-entry-link wpex-lightbox-group-item\" ><img loading=\"lazy\" class=\"wpex-align-middle\" decoding=\"async\" src=\"https:\/\/tirrena.global\/wp-content\/uploads\/2023\/03\/4-1-300x300.jpg\" alt=\"\" srcset=\"https:\/\/tirrena.global\/wp-content\/uploads\/2023\/03\/4-1-300x300.jpg 300w, https:\/\/tirrena.global\/wp-content\/uploads\/2023\/03\/4-1-150x150.jpg 150w\" width=\"300\" height=\"300\"><\/a><\/div><\/figure><\/div><div class=\"id-1737 vcex-image-grid-entry vcex-grid-item textcenter span_1_of_4 col col-3\"><figure class=\"vcex-image-grid-entry-figure wpex-last-mb-0 wpex-clr\"><div class=\"vcex-image-grid-entry-img entry-media wpex-mb-20\"><a href=\"https:\/\/tirrena.global\/wp-content\/uploads\/2023\/03\/3-1.jpg\" class=\"vcex-image-grid-entry-link wpex-lightbox-group-item\" ><img loading=\"lazy\" class=\"wpex-align-middle\" decoding=\"async\" src=\"https:\/\/tirrena.global\/wp-content\/uploads\/2023\/03\/3-1-300x300.jpg\" alt=\"\" srcset=\"https:\/\/tirrena.global\/wp-content\/uploads\/2023\/03\/3-1-300x300.jpg 300w, https:\/\/tirrena.global\/wp-content\/uploads\/2023\/03\/3-1-150x150.jpg 150w\" width=\"300\" height=\"300\"><\/a><\/div><\/figure><\/div><div class=\"id-1736 vcex-image-grid-entry vcex-grid-item textcenter span_1_of_4 col col-4\"><figure class=\"vcex-image-grid-entry-figure wpex-last-mb-0 wpex-clr\"><div class=\"vcex-image-grid-entry-img entry-media wpex-mb-20\"><a href=\"https:\/\/tirrena.global\/wp-content\/uploads\/2023\/03\/1.jpg\" class=\"vcex-image-grid-entry-link wpex-lightbox-group-item\" ><img loading=\"lazy\" class=\"wpex-align-middle\" decoding=\"async\" src=\"https:\/\/tirrena.global\/wp-content\/uploads\/2023\/03\/1-300x300.jpg\" alt=\"\" srcset=\"https:\/\/tirrena.global\/wp-content\/uploads\/2023\/03\/1-300x300.jpg 300w, https:\/\/tirrena.global\/wp-content\/uploads\/2023\/03\/1-150x150.jpg 150w\" width=\"300\" height=\"300\"><\/a><\/div><\/figure><\/div><\/div><\/div>[\/vc_column][\/vc_row][vc_row full_width=&#8221;stretch_row&#8221; css=&#8221;.vc_custom_1690041009462{padding-top: 30px !important;padding-bottom: 20px !important;background-color: #31363f !important;}&#8221;][vc_column]<div class=\"templatera_shortcode\"><style type=\"text\/css\" data-type=\"vc_shortcodes-custom-css\">.vc_custom_1679491706647{margin-top: 50px !important;}.vc_custom_1675934249238{margin-bottom: 20px !important;}.vc_custom_1675851675852{margin-top: 10px !important;}.vc_custom_1679229977833{margin-top: 10px !important;}.vc_custom_1679230110221{margin-top: 10px !important;}.vc_custom_1679230176241{margin-top: 10px !important;}.vc_custom_1675853411494{margin-top: 20px !important;}.vc_custom_1679237186215{margin-top: 15px !important;}.vc_custom_1679237099459{margin-top: 15px !important;}.vc_custom_1757511491479{margin-top: 15px !important;}<\/style><div class=\"vc_row wpb_row vc_row-fluid contatti_footer vc_row-o-content-top vc_row-flex\" style=\"background-position:100% 100%!important;\"><div class=\"wpb_column vc_column_container vc_col-sm-4\"><div class=\"vc_column-inner\"><div class=\"wpb_wrapper\">\n\t<div  class=\"wpb_single_image wpb_content_element vc_align_ wpb_content_element vc_custom_1675934249238\">\n\t\t\n\t\t<figure class=\"wpb_wrapper vc_figure\">\n\t\t\t<div class=\"vc_single_image-wrapper   vc_box_border_grey\"><img class=\"vc_single_image-img \" src=\"https:\/\/tirrena.global\/wp-content\/uploads\/2023\/02\/logo_footer-190x39.png\" width=\"190\" height=\"39\" alt=\"\" title=\"\" loading=\"lazy\" \/><\/div>\n\t\t<\/figure>\n\t<\/div>\n<style>.vcex-list_item.vcex_69e76075b8d0e{font-size:14px;font-family:Inter, sans-serif;font-weight:400;line-height:22px;color:#ffffff;}.vcex-list_item.vcex_69e76075b8d0e .vcex-list-item-icon-inner{color:#ffffff;}<\/style><div class=\"vcex-list_item vcex-module wpex-m-0 wpex-max-w-100 wpex-mb-5 vcex_69e76075b8d0e\"><a  href=\"https:\/\/goo.gl\/maps\/CinywGkRa2jDoFzW6\" class=\"vcex-list-item-link wpex-no-underline wpex-inherit-color\"><div class=\"vcex-list-item-inner wpex-inline-flex wpex-flex-no-wrap\"><div class=\"vcex-list-item-icon wpex-mr-10\"><div class=\"vcex-list-item-icon-inner vcex-icon-wrap wpex-inline-flex wpex-justify-center wpex-items-center wpex-leading-none wpex-child-inherit-color\"><span class=\"ticon ticon-map-marker\" aria-hidden=\"true\"><\/span><\/div><\/div><div class=\"vcex-list-item-text vcex-content wpex-flex-grow\">Viale Domenico Zaccagna, 6 - 54033 Avenza Carrara (MS) Italy<\/div><\/div><\/a><\/div><style>.vcex-list_item.vcex_69e76075bbbc4{font-size:14px;font-family:Inter, sans-serif;font-weight:400;line-height:22px;color:#ffffff;}.vcex-list_item.vcex_69e76075bbbc4 .vcex-list-item-icon-inner{color:#ffffff;}<\/style><div class=\"vcex-list_item vcex-module wpex-m-0 wpex-max-w-100 wpex-mb-5 vc_custom_1675851675852 vcex_69e76075bbbc4\"><div class=\"vcex-list-item-inner wpex-inline-flex wpex-flex-no-wrap\"><div class=\"vcex-list-item-icon wpex-mr-10\"><div class=\"vcex-list-item-icon-inner vcex-icon-wrap wpex-inline-flex wpex-justify-center wpex-items-center wpex-leading-none wpex-child-inherit-color\"><span class=\"ticon ticon-phone\" aria-hidden=\"true\"><\/span><\/div><\/div><div class=\"vcex-list-item-text vcex-content wpex-flex-grow\"><a href=\"tel:+39058550731\">+39 0585 50731<\/a><\/div><\/div><\/div><style>.vcex-list_item.vcex_69e76075bc2ca{font-size:14px;font-family:Inter, sans-serif;font-weight:400;line-height:22px;color:#ffffff;}.vcex-list_item.vcex_69e76075bc2ca .vcex-list-item-icon-inner{color:#ffffff;}<\/style><div class=\"vcex-list_item vcex-module wpex-m-0 wpex-max-w-100 wpex-mb-5 vc_custom_1679229977833 vcex_69e76075bc2ca\"><div class=\"vcex-list-item-inner wpex-inline-flex wpex-flex-no-wrap\"><div class=\"vcex-list-item-icon wpex-mr-10\"><div class=\"vcex-list-item-icon-inner vcex-icon-wrap wpex-inline-flex wpex-justify-center wpex-items-center wpex-leading-none wpex-child-inherit-color\"><span class=\"ticon ticon-envelope\" aria-hidden=\"true\"><\/span><\/div><\/div><div class=\"vcex-list-item-text vcex-content wpex-flex-grow\"><a href=\"mailto:reception@tirrena.it\">reception@tirrena.it<\/a><\/div><\/div><\/div><style>.vcex-list_item.vcex_69e76075bc90e{font-size:14px;font-family:Inter, sans-serif;font-weight:400;line-height:22px;color:#ffffff;}.vcex-list_item.vcex_69e76075bc90e .vcex-list-item-icon-inner{color:#ffffff;}<\/style><div class=\"vcex-list_item vcex-module wpex-m-0 wpex-max-w-100 wpex-mb-5 vc_custom_1690044992593 vcex_69e76075bc90e\"><div class=\"vcex-list-item-inner wpex-inline-flex wpex-flex-no-wrap\"><div class=\"vcex-list-item-icon wpex-mr-10\"><div class=\"vcex-list-item-icon-inner vcex-icon-wrap wpex-inline-flex wpex-justify-center wpex-items-center wpex-leading-none wpex-child-inherit-color\"><span class=\"ticon ticon-briefcase\" aria-hidden=\"true\"><\/span><\/div><\/div><div class=\"vcex-list-item-text vcex-content wpex-flex-grow\"><a href=\"mailto:hr@tirrena.it\">Trabalhe conosco<\/a><\/div><\/div><\/div><style>.vcex-list_item.vcex_69e76075bcd4e{font-size:14px;font-family:Inter, sans-serif;font-weight:400;line-height:22px;color:#ffffff;}.vcex-list_item.vcex_69e76075bcd4e .vcex-list-item-icon-inner{color:#ffffff;}<\/style><div class=\"vcex-list_item vcex-module wpex-m-0 wpex-max-w-100 wpex-mb-5 vc_custom_1690045016420 vcex_69e76075bcd4e\"><div class=\"vcex-list-item-inner wpex-inline-flex wpex-flex-no-wrap\"><div class=\"vcex-list-item-icon wpex-mr-10\"><div class=\"vcex-list-item-icon-inner vcex-icon-wrap wpex-inline-flex wpex-justify-center wpex-items-center wpex-leading-none wpex-child-inherit-color\"><span class=\"ticon ticon-handshake-o\" aria-hidden=\"true\"><\/span><\/div><\/div><div class=\"vcex-list-item-text vcex-content wpex-flex-grow\"><a href=\"mailto:sales@tirrena.it\">Solicite uma cota\u00e7\u00e3o<\/a><\/div><\/div><\/div><\/div><\/div><\/div><div class=\"wpb_column newsletter_footer margine_mobile vc_column_container vc_col-sm-4\"><div class=\"vc_column-inner\"><div class=\"wpb_wrapper\"><\/div><\/div><\/div><div class=\"wpb_column margine_mobile desktop vc_column_container vc_col-sm-4\"><div class=\"vc_column-inner\"><div class=\"wpb_wrapper\">\n\t<div style=\"color:#ffffff;font-family:Inter, sans-serif;font-size:16px;font-weight:700;line-height:26px;\" class=\"wpb_text_column has-custom-color wpex-child-inherit-color wpb_content_element\" >\n\t\t<div class=\"wpb_wrapper\">\n\t\t\t<p>Links \u00fateis<\/p>\n\n\t\t<\/div>\n\t<\/div>\n<div class=\"vc_row wpb_row vc_inner vc_row-fluid vc_custom_1675853411494\"><div class=\"wpb_column vc_column_container vc_col-sm-6\"><div class=\"vc_column-inner\"><div class=\"wpb_wrapper\">\n\t<div style=\"font-size:14px;font-weight:400;\" class=\"wpb_text_column wpb_content_element vc_custom_1690045079172\" >\n\t\t<div class=\"wpb_wrapper\">\n\t\t\t<p><a href=\"\/\">Home<\/a><br \/>\n<a href=\"\/company\/\">Company<\/a><br \/>\n<a href=\"\/servizi\/\">Servi\u00e7os<\/a><br \/>\n<a href=\"\/trasporti\/\">Trasporte<\/a><br \/>\n<a href=\"\/warehousing\/\">Armazenamento<\/a><br \/>\n<a href=\"\/foto-gallery\/\">Fotos<\/a><br \/>\n<a href=\"\/download\/\">Download<\/a><\/p>\n\n\t\t<\/div>\n\t<\/div>\n<\/div><\/div><\/div><div class=\"wpb_column vc_column_container vc_col-sm-6\"><div class=\"vc_column-inner\"><div class=\"wpb_wrapper\">\n\t<div style=\"font-size:14px;font-weight:400;\" class=\"wpb_text_column wpb_content_element vc_custom_1690045193496\" >\n\t\t<div class=\"wpb_wrapper\">\n\t\t\t<p><a href=\"\/contatti\/\">Contato<\/a><br \/>\n<a href=\"\/settori\/general-cargo\/\">Carga Geral<\/a><br \/>\n<a href=\"\/settori\/marble-stones-tiles\/\">M\u00e1rmore, Pedras e Telhas<\/a><br \/>\n<a href=\"\/settori\/project-cargo-machinery\/\">Carga de Projeto e Maquin\u00e1rio<\/a><br \/>\n<a href=\"\/settori\/raw-materials-industrial-products-bulk-cargo\/\">Mat\u00e9rias-Primas e Produtos Industriais<\/a><\/p>\n\n\t\t<\/div>\n\t<\/div>\n<\/div><\/div><\/div><\/div><\/div><\/div><\/div><\/div><div class=\"vc_row wpb_row vc_row-fluid vc_custom_1679491706647 hidden-phone\"><div class=\"wpb_column vc_column_container vc_col-sm-12\"><div class=\"vc_column-inner\"><div class=\"wpb_wrapper\">\n\t<div style=\"color:#95999e;font-size:14px;font-weight:400;\" class=\"wpb_text_column has-custom-color wpex-child-inherit-color wpb_content_element vc_custom_1757511640258\" >\n\t\t<div class=\"wpb_wrapper\">\n\t\t\t<p style=\"text-align: center;\">\u00a9 2025 TIRRENA S.r.l.<\/p>\n<p style=\"text-align: center;\">Sociedade com s\u00f3cio \u00fanico sujeita \u00e0 atividade de dire\u00e7\u00e3o e coordena\u00e7\u00e3o da Fintirrena S.r.L.<\/p>\n<p style=\"text-align: center;\">P. Iva 01374420451 - <a href=\"\/pt-br\/privacy-cookie-policy\/\">Pol\u00edtica de privacidade e cookies<\/a>\u00a0- <a href=\"https:\/\/alexdigitale.net\/bv\/\">Website by AlexDigitale<\/a><\/p>\n\n\t\t<\/div>\n\t<\/div>\n<\/div><\/div><\/div><\/div>\n<\/div>[\/vc_column][\/vc_row]\n<\/div>","protected":false},"excerpt":{"rendered":"","protected":false},"author":2,"featured_media":0,"parent":0,"menu_order":0,"comment_status":"closed","ping_status":"closed","template":"","meta":{"inline_featured_image":false,"footnotes":""},"class_list":["post-2105","page","type-page","status-publish","hentry","entry","no-media"],"_links":{"self":[{"href":"https:\/\/tirrena.global\/pt-br\/wp-json\/wp\/v2\/pages\/2105","targetHints":{"allow":["GET"]}}],"collection":[{"href":"https:\/\/tirrena.global\/pt-br\/wp-json\/wp\/v2\/pages"}],"about":[{"href":"https:\/\/tirrena.global\/pt-br\/wp-json\/wp\/v2\/types\/page"}],"author":[{"embeddable":true,"href":"https:\/\/tirrena.global\/pt-br\/wp-json\/wp\/v2\/users\/2"}],"replies":[{"embeddable":true,"href":"https:\/\/tirrena.global\/pt-br\/wp-json\/wp\/v2\/comments?post=2105"}],"version-history":[{"count":8,"href":"https:\/\/tirrena.global\/pt-br\/wp-json\/wp\/v2\/pages\/2105\/revisions"}],"predecessor-version":[{"id":2198,"href":"https:\/\/tirrena.global\/pt-br\/wp-json\/wp\/v2\/pages\/2105\/revisions\/2198"}],"wp:attachment":[{"href":"https:\/\/tirrena.global\/pt-br\/wp-json\/wp\/v2\/media?parent=2105"}],"curies":[{"name":"wp","href":"https:\/\/api.w.org\/{rel}","templated":true}]}}