{"id":2003,"date":"2023-02-07T12:26:49","date_gmt":"2023-02-07T11:26:49","guid":{"rendered":"https:\/\/tirrena.global\/general-cargo\/"},"modified":"2023-07-22T18:44:47","modified_gmt":"2023-07-22T16:44:47","slug":"general-cargo","status":"publish","type":"page","link":"https:\/\/tirrena.global\/pt-br\/general-cargo\/","title":{"rendered":"Carga Geral"},"content":{"rendered":"<div class=\"wpb-content-wrapper\">[vc_row css_animation=&#8221;fadeIn&#8221; full_width=&#8221;stretch_row&#8221; content_placement=&#8221;middle&#8221; el_class=&#8221;min_height650 min_height300&#8243; css=&#8221;.vc_custom_1677752794112{background-image: url(https:\/\/tirrena.global\/wp-content\/uploads\/2023\/03\/tirrena_general_cargo.png?id=542) !important;background-position: center !important;background-repeat: no-repeat !important;background-size: cover !important;}&#8221;][vc_column css_animation=&#8221;fadeInLeft&#8221; width=&#8221;2\/3&#8243; css_animation_delay=&#8221;0.4&#8243;][vc_column_text el_class=&#8221;scritta_bg&#8221;]Tirrena[\/vc_column_text][vc_column_text color=&#8221;#ffffff&#8221; el_class=&#8221;titolo_pag_servizi&#8221;]\n<h1>Carga Geral<\/h1>\n[\/vc_column_text][\/vc_column][vc_column width=&#8221;1\/3&#8243;][\/vc_column][\/vc_row][vc_row el_class=&#8221;margin_top150&#8243;][vc_column css_animation=&#8221;fadeInLeft&#8221; width=&#8221;5\/12&#8243; el_class=&#8221;margine_mobile60&#8243;][vc_single_image image=&#8221;1709&#8243; el_class=&#8221;desktop&#8221;][vc_row_inner css=&#8221;.vc_custom_1677668323323{background: #00769a url(https:\/\/tirrena.global\/wp-content\/uploads\/2023\/02\/Simbolo.png?id=133) !important;background-position: center !important;background-repeat: no-repeat !important;background-size: contain !important;}&#8221; el_class=&#8221;riga_staff_company&#8221;][vc_column_inner][vc_column_text color=&#8221;#ffffff&#8221; font_size=&#8221;35px&#8221; font_family=&#8221;Inter&#8221; line_height=&#8221;40px&#8221; font_weight=&#8221;700&#8243;]Gerenciamento abrangente de transporte[\/vc_column_text][\/vc_column_inner][\/vc_row_inner][\/vc_column][vc_column width=&#8221;1\/12&#8243;][\/vc_column][vc_column css_animation=&#8221;fadeInRight&#8221; width=&#8221;1\/2&#8243;][vc_column_text el_class=&#8221;scritta_bg scritta_bg_home&#8221;]Cargo[\/vc_column_text][vc_column_text color=&#8221;#a9aeb3&#8243; font_size=&#8221;12px&#8221; font_family=&#8221;Inter&#8221; font_weight=&#8221;700&#8243;]SOLU\u00c7\u00d5ES DEDICADAS AO AMPLO SETOR DE CARGA GERAL[\/vc_column_text][vc_column_text el_class=&#8221;line_height&#8221;]\n<h2>Entregas <span style=\"color: #00769a;\">seguras<\/span><\/h2>\n[\/vc_column_text][vc_column_text css=&#8221;.vc_custom_1689496469046{margin-top: 40px !important;}&#8221;]\n<p style=\"background: white; vertical-align: baseline;\"><span lang=\"PT-BR\" style=\"font-family: 'Inter',serif; color: #696e76;\">A Tirrena oferece a sua pr\u00f3pria gama de solu\u00e7\u00f5es dedicadas ao amplo setor da carga geral: desde mercadorias conteinerizadas a granel, desde conteineres refrigerados ao transporte de mercadorias perigosas, desde o envio de alguns paletes at\u00e9 aos desafios mais exigentes para o transporte de carga de projeto ou pacotes pesados e volumosos.<\/span><\/p>\n<p style=\"margin-bottom: 0cm; background: white; vertical-align: baseline;\"><span lang=\"PT-BR\" style=\"font-family: 'Inter',serif; color: #696e76;\">A Tirrena dota os seus escrit\u00f3rios de uma grande capacidade de armazenagem e movimenta\u00e7\u00e3o, garantindo entregas pontuais e seguras tanto para cargas completas como para cargas em modo de grupagem, tamb\u00e9m com a possibilidade de consolidar mercadorias, se solicitado pelo cliente.<\/span><\/p>\n[\/vc_column_text][\/vc_column][\/vc_row][vc_row full_width=&#8221;stretch_row&#8221; content_placement=&#8221;middle&#8221; equal_height=&#8221;yes&#8221; css=&#8221;.vc_custom_1677765103785{background: #e0efee url(https:\/\/tirrena.global\/wp-content\/uploads\/2023\/03\/simbolo_tirrena_general_cargo.png?id=674) !important;background-position: 0 0 !important;background-repeat: no-repeat !important;}&#8221; el_class=&#8221;bg_azzurro_company margin_top100 margine_mobile60&#8243; wpex_bg_position=&#8221;10% 100%&#8221; wpex_bg_size=&#8221;20%&#8221;][vc_column css_animation=&#8221;fadeInRight&#8221; width=&#8221;5\/12&#8243; el_class=&#8221;dx&#8221;][vc_single_image image=&#8221;1753&#8243; el_class=&#8221;desktop&#8221;][\/vc_column][vc_column css_animation=&#8221;fadeInLeft&#8221; width=&#8221;1\/2&#8243;][vc_column_text color=&#8221;#a9aeb3&#8243; font_size=&#8221;12px&#8221; font_family=&#8221;Inter&#8221; font_weight=&#8221;700&#8243;]PARCEIRO LOG\u00cdSTICO ESTRAT\u00c9GICO PARA FAZER A DIFEREN\u00c7A NO SEU NEG\u00d3CIO[\/vc_column_text][vc_column_text el_class=&#8221;line_height&#8221;]\n<h2>Carga <span style=\"color: #00769a;\">geral<\/span><\/h2>\n[\/vc_column_text][vc_column_text css=&#8221;.vc_custom_1689496566378{margin-top: 40px !important;}&#8221;]Uma equipe especializada \u00e9 capaz de identificar o m\u00e9todo mais adequado para cada envio e tipo de mercadorias, oferecendo solu\u00e7\u00f5es personalizadas que v\u00e3o desde o servi\u00e7o \u00fanico at\u00e9 a gest\u00e3o integrada de todas as fases do transporte, representando, se necess\u00e1rio, o \u00fanico interlocutor de refer\u00eancia para a realiza\u00e7\u00e3o de um completo &#8220;door to door&#8221;.<\/p>\n<p>A capacidade de satisfazer transversalmente os mais diversos pedidos do mundo da carga geral, com solu\u00e7\u00f5es direcionadas e elevados padr\u00f5es de qualidade, mantendo condi\u00e7\u00f5es comerciais muito competitivas, faz da Tirrena um parceiro log\u00edstico estrat\u00e9gico capaz de fazer a diferen\u00e7a no seu neg\u00f3cio.[\/vc_column_text][\/vc_column][vc_column width=&#8221;1\/12&#8243;][\/vc_column][\/vc_row][vc_row css_animation=&#8221;fadeInUp&#8221; el_class=&#8221;margin_top100&#8243; css=&#8221;.vc_custom_1678270484695{margin-bottom: 70px !important;}&#8221;][vc_column css_animation=&#8221;none&#8221;]<div class=\"vcex-image-grid-wrap wpex-clr\"><div class=\"vcex-module vcex-image-grid grid-style-default wpex-row wpex-clr gap-10 wpex-lightbox-group\"><div class=\"id-1801 vcex-image-grid-entry vcex-grid-item textcenter span_1_of_4 col col-1\"><figure class=\"vcex-image-grid-entry-figure wpex-last-mb-0 wpex-clr\"><div class=\"vcex-image-grid-entry-img entry-media wpex-mb-20\"><a href=\"https:\/\/tirrena.global\/wp-content\/uploads\/2023\/03\/general_cargo-1.jpg\" class=\"vcex-image-grid-entry-link wpex-lightbox-group-item\" ><img loading=\"lazy\" class=\"wpex-align-middle\" decoding=\"async\" src=\"https:\/\/tirrena.global\/wp-content\/uploads\/2023\/03\/general_cargo-1-300x300.jpg\" alt=\"\" srcset=\"https:\/\/tirrena.global\/wp-content\/uploads\/2023\/03\/general_cargo-1-300x300.jpg 300w, https:\/\/tirrena.global\/wp-content\/uploads\/2023\/03\/general_cargo-1-150x150.jpg 150w\" width=\"300\" height=\"300\"><\/a><\/div><\/figure><\/div><div class=\"id-1802 vcex-image-grid-entry vcex-grid-item textcenter span_1_of_4 col col-2\"><figure class=\"vcex-image-grid-entry-figure wpex-last-mb-0 wpex-clr\"><div class=\"vcex-image-grid-entry-img entry-media wpex-mb-20\"><a href=\"https:\/\/tirrena.global\/wp-content\/uploads\/2023\/03\/general_cargo-2.jpg\" class=\"vcex-image-grid-entry-link wpex-lightbox-group-item\" ><img loading=\"lazy\" class=\"wpex-align-middle\" decoding=\"async\" src=\"https:\/\/tirrena.global\/wp-content\/uploads\/2023\/03\/general_cargo-2-300x300.jpg\" alt=\"\" srcset=\"https:\/\/tirrena.global\/wp-content\/uploads\/2023\/03\/general_cargo-2-300x300.jpg 300w, https:\/\/tirrena.global\/wp-content\/uploads\/2023\/03\/general_cargo-2-150x150.jpg 150w\" width=\"300\" height=\"300\"><\/a><\/div><\/figure><\/div><div class=\"id-1803 vcex-image-grid-entry vcex-grid-item textcenter span_1_of_4 col col-3\"><figure class=\"vcex-image-grid-entry-figure wpex-last-mb-0 wpex-clr\"><div class=\"vcex-image-grid-entry-img entry-media wpex-mb-20\"><a href=\"https:\/\/tirrena.global\/wp-content\/uploads\/2023\/03\/general_cargo-3.jpg\" class=\"vcex-image-grid-entry-link wpex-lightbox-group-item\" ><img loading=\"lazy\" class=\"wpex-align-middle\" decoding=\"async\" src=\"https:\/\/tirrena.global\/wp-content\/uploads\/2023\/03\/general_cargo-3-300x300.jpg\" alt=\"\" srcset=\"https:\/\/tirrena.global\/wp-content\/uploads\/2023\/03\/general_cargo-3-300x300.jpg 300w, https:\/\/tirrena.global\/wp-content\/uploads\/2023\/03\/general_cargo-3-150x150.jpg 150w\" width=\"300\" height=\"300\"><\/a><\/div><\/figure><\/div><div class=\"id-1804 vcex-image-grid-entry vcex-grid-item textcenter span_1_of_4 col col-4\"><figure class=\"vcex-image-grid-entry-figure wpex-last-mb-0 wpex-clr\"><div class=\"vcex-image-grid-entry-img entry-media wpex-mb-20\"><a href=\"https:\/\/tirrena.global\/wp-content\/uploads\/2023\/03\/general_cargo-4.jpg\" class=\"vcex-image-grid-entry-link wpex-lightbox-group-item\" ><img loading=\"lazy\" class=\"wpex-align-middle\" decoding=\"async\" src=\"https:\/\/tirrena.global\/wp-content\/uploads\/2023\/03\/general_cargo-4-300x300.jpg\" alt=\"\" srcset=\"https:\/\/tirrena.global\/wp-content\/uploads\/2023\/03\/general_cargo-4-300x300.jpg 300w, https:\/\/tirrena.global\/wp-content\/uploads\/2023\/03\/general_cargo-4-150x150.jpg 150w\" width=\"300\" height=\"300\"><\/a><\/div><\/figure><\/div><div class=\"id-1805 vcex-image-grid-entry vcex-grid-item textcenter span_1_of_4 col col-1\"><figure class=\"vcex-image-grid-entry-figure wpex-last-mb-0 wpex-clr\"><div class=\"vcex-image-grid-entry-img entry-media wpex-mb-20\"><a href=\"https:\/\/tirrena.global\/wp-content\/uploads\/2023\/03\/general_cargo-5.jpg\" class=\"vcex-image-grid-entry-link wpex-lightbox-group-item\" ><img loading=\"lazy\" class=\"wpex-align-middle\" decoding=\"async\" src=\"https:\/\/tirrena.global\/wp-content\/uploads\/2023\/03\/general_cargo-5-300x300.jpg\" alt=\"\" srcset=\"https:\/\/tirrena.global\/wp-content\/uploads\/2023\/03\/general_cargo-5-300x300.jpg 300w, https:\/\/tirrena.global\/wp-content\/uploads\/2023\/03\/general_cargo-5-150x150.jpg 150w\" width=\"300\" height=\"300\"><\/a><\/div><\/figure><\/div><div class=\"id-1806 vcex-image-grid-entry vcex-grid-item textcenter span_1_of_4 col col-2\"><figure class=\"vcex-image-grid-entry-figure wpex-last-mb-0 wpex-clr\"><div class=\"vcex-image-grid-entry-img entry-media wpex-mb-20\"><a href=\"https:\/\/tirrena.global\/wp-content\/uploads\/2023\/03\/general_cargo-6.jpg\" class=\"vcex-image-grid-entry-link wpex-lightbox-group-item\" data-caption=\"Refrigerated container on deck\"><img loading=\"lazy\" class=\"wpex-align-middle\" decoding=\"async\" src=\"https:\/\/tirrena.global\/wp-content\/uploads\/2023\/03\/general_cargo-6-300x300.jpg\" alt=\"\" srcset=\"https:\/\/tirrena.global\/wp-content\/uploads\/2023\/03\/general_cargo-6-300x300.jpg 300w, https:\/\/tirrena.global\/wp-content\/uploads\/2023\/03\/general_cargo-6-150x150.jpg 150w\" width=\"300\" height=\"300\"><\/a><\/div><\/figure><\/div><div class=\"id-1807 vcex-image-grid-entry vcex-grid-item textcenter span_1_of_4 col col-3\"><figure class=\"vcex-image-grid-entry-figure wpex-last-mb-0 wpex-clr\"><div class=\"vcex-image-grid-entry-img entry-media wpex-mb-20\"><a href=\"https:\/\/tirrena.global\/wp-content\/uploads\/2023\/03\/general_cargo-7.jpg\" class=\"vcex-image-grid-entry-link wpex-lightbox-group-item\" ><img loading=\"lazy\" class=\"wpex-align-middle\" decoding=\"async\" src=\"https:\/\/tirrena.global\/wp-content\/uploads\/2023\/03\/general_cargo-7-300x300.jpg\" alt=\"\" srcset=\"https:\/\/tirrena.global\/wp-content\/uploads\/2023\/03\/general_cargo-7-300x300.jpg 300w, https:\/\/tirrena.global\/wp-content\/uploads\/2023\/03\/general_cargo-7-150x150.jpg 150w\" width=\"300\" height=\"300\"><\/a><\/div><\/figure><\/div><div class=\"id-1808 vcex-image-grid-entry vcex-grid-item textcenter span_1_of_4 col col-4\"><figure class=\"vcex-image-grid-entry-figure wpex-last-mb-0 wpex-clr\"><div class=\"vcex-image-grid-entry-img entry-media wpex-mb-20\"><a href=\"https:\/\/tirrena.global\/wp-content\/uploads\/2023\/03\/general_cargo-8.jpg\" class=\"vcex-image-grid-entry-link wpex-lightbox-group-item\" ><img loading=\"lazy\" class=\"wpex-align-middle\" decoding=\"async\" src=\"https:\/\/tirrena.global\/wp-content\/uploads\/2023\/03\/general_cargo-8-300x300.jpg\" alt=\"\" srcset=\"https:\/\/tirrena.global\/wp-content\/uploads\/2023\/03\/general_cargo-8-300x300.jpg 300w, https:\/\/tirrena.global\/wp-content\/uploads\/2023\/03\/general_cargo-8-150x150.jpg 150w\" width=\"300\" height=\"300\"><\/a><\/div><\/figure><\/div><\/div><\/div>[\/vc_column][\/vc_row][vc_row full_width=&#8221;stretch_row&#8221; css=&#8221;.vc_custom_1690041009462{padding-top: 30px !important;padding-bottom: 20px !important;background-color: #31363f !important;}&#8221;][vc_column]<div class=\"templatera_shortcode\"><style type=\"text\/css\" data-type=\"vc_shortcodes-custom-css\">.vc_custom_1679491706647{margin-top: 50px !important;}.vc_custom_1675934249238{margin-bottom: 20px !important;}.vc_custom_1675851675852{margin-top: 10px !important;}.vc_custom_1679229977833{margin-top: 10px !important;}.vc_custom_1679230110221{margin-top: 10px !important;}.vc_custom_1679230176241{margin-top: 10px !important;}.vc_custom_1675853411494{margin-top: 20px !important;}.vc_custom_1679237186215{margin-top: 15px !important;}.vc_custom_1679237099459{margin-top: 15px !important;}.vc_custom_1757511491479{margin-top: 15px !important;}<\/style><div class=\"vc_row wpb_row vc_row-fluid contatti_footer vc_row-o-content-top vc_row-flex\" style=\"background-position:100% 100%!important;\"><div class=\"wpb_column vc_column_container vc_col-sm-4\"><div class=\"vc_column-inner\"><div class=\"wpb_wrapper\">\n\t<div  class=\"wpb_single_image wpb_content_element vc_align_ wpb_content_element vc_custom_1675934249238\">\n\t\t\n\t\t<figure class=\"wpb_wrapper vc_figure\">\n\t\t\t<div class=\"vc_single_image-wrapper   vc_box_border_grey\"><img class=\"vc_single_image-img \" src=\"https:\/\/tirrena.global\/wp-content\/uploads\/2023\/02\/logo_footer-190x39.png\" width=\"190\" height=\"39\" alt=\"\" title=\"\" loading=\"lazy\" \/><\/div>\n\t\t<\/figure>\n\t<\/div>\n<style>.vcex-list_item.vcex_69e75ecf76fca{font-size:14px;font-family:Inter, sans-serif;font-weight:400;line-height:22px;color:#ffffff;}.vcex-list_item.vcex_69e75ecf76fca .vcex-list-item-icon-inner{color:#ffffff;}<\/style><div class=\"vcex-list_item vcex-module wpex-m-0 wpex-max-w-100 wpex-mb-5 vcex_69e75ecf76fca\"><a  href=\"https:\/\/goo.gl\/maps\/CinywGkRa2jDoFzW6\" class=\"vcex-list-item-link wpex-no-underline wpex-inherit-color\"><div class=\"vcex-list-item-inner wpex-inline-flex wpex-flex-no-wrap\"><div class=\"vcex-list-item-icon wpex-mr-10\"><div class=\"vcex-list-item-icon-inner vcex-icon-wrap wpex-inline-flex wpex-justify-center wpex-items-center wpex-leading-none wpex-child-inherit-color\"><span class=\"ticon ticon-map-marker\" aria-hidden=\"true\"><\/span><\/div><\/div><div class=\"vcex-list-item-text vcex-content wpex-flex-grow\">Viale Domenico Zaccagna, 6 - 54033 Avenza Carrara (MS) Italy<\/div><\/div><\/a><\/div><style>.vcex-list_item.vcex_69e75ecf78b50{font-size:14px;font-family:Inter, sans-serif;font-weight:400;line-height:22px;color:#ffffff;}.vcex-list_item.vcex_69e75ecf78b50 .vcex-list-item-icon-inner{color:#ffffff;}<\/style><div class=\"vcex-list_item vcex-module wpex-m-0 wpex-max-w-100 wpex-mb-5 vc_custom_1675851675852 vcex_69e75ecf78b50\"><div class=\"vcex-list-item-inner wpex-inline-flex wpex-flex-no-wrap\"><div class=\"vcex-list-item-icon wpex-mr-10\"><div class=\"vcex-list-item-icon-inner vcex-icon-wrap wpex-inline-flex wpex-justify-center wpex-items-center wpex-leading-none wpex-child-inherit-color\"><span class=\"ticon ticon-phone\" aria-hidden=\"true\"><\/span><\/div><\/div><div class=\"vcex-list-item-text vcex-content wpex-flex-grow\"><a href=\"tel:+39058550731\">+39 0585 50731<\/a><\/div><\/div><\/div><style>.vcex-list_item.vcex_69e75ecf79165{font-size:14px;font-family:Inter, sans-serif;font-weight:400;line-height:22px;color:#ffffff;}.vcex-list_item.vcex_69e75ecf79165 .vcex-list-item-icon-inner{color:#ffffff;}<\/style><div class=\"vcex-list_item vcex-module wpex-m-0 wpex-max-w-100 wpex-mb-5 vc_custom_1679229977833 vcex_69e75ecf79165\"><div class=\"vcex-list-item-inner wpex-inline-flex wpex-flex-no-wrap\"><div class=\"vcex-list-item-icon wpex-mr-10\"><div class=\"vcex-list-item-icon-inner vcex-icon-wrap wpex-inline-flex wpex-justify-center wpex-items-center wpex-leading-none wpex-child-inherit-color\"><span class=\"ticon ticon-envelope\" aria-hidden=\"true\"><\/span><\/div><\/div><div class=\"vcex-list-item-text vcex-content wpex-flex-grow\"><a href=\"mailto:reception@tirrena.it\">reception@tirrena.it<\/a><\/div><\/div><\/div><style>.vcex-list_item.vcex_69e75ecf796b6{font-size:14px;font-family:Inter, sans-serif;font-weight:400;line-height:22px;color:#ffffff;}.vcex-list_item.vcex_69e75ecf796b6 .vcex-list-item-icon-inner{color:#ffffff;}<\/style><div class=\"vcex-list_item vcex-module wpex-m-0 wpex-max-w-100 wpex-mb-5 vc_custom_1690044992593 vcex_69e75ecf796b6\"><div class=\"vcex-list-item-inner wpex-inline-flex wpex-flex-no-wrap\"><div class=\"vcex-list-item-icon wpex-mr-10\"><div class=\"vcex-list-item-icon-inner vcex-icon-wrap wpex-inline-flex wpex-justify-center wpex-items-center wpex-leading-none wpex-child-inherit-color\"><span class=\"ticon ticon-briefcase\" aria-hidden=\"true\"><\/span><\/div><\/div><div class=\"vcex-list-item-text vcex-content wpex-flex-grow\"><a href=\"mailto:hr@tirrena.it\">Trabalhe conosco<\/a><\/div><\/div><\/div><style>.vcex-list_item.vcex_69e75ecf79c05{font-size:14px;font-family:Inter, sans-serif;font-weight:400;line-height:22px;color:#ffffff;}.vcex-list_item.vcex_69e75ecf79c05 .vcex-list-item-icon-inner{color:#ffffff;}<\/style><div class=\"vcex-list_item vcex-module wpex-m-0 wpex-max-w-100 wpex-mb-5 vc_custom_1690045016420 vcex_69e75ecf79c05\"><div class=\"vcex-list-item-inner wpex-inline-flex wpex-flex-no-wrap\"><div class=\"vcex-list-item-icon wpex-mr-10\"><div class=\"vcex-list-item-icon-inner vcex-icon-wrap wpex-inline-flex wpex-justify-center wpex-items-center wpex-leading-none wpex-child-inherit-color\"><span class=\"ticon ticon-handshake-o\" aria-hidden=\"true\"><\/span><\/div><\/div><div class=\"vcex-list-item-text vcex-content wpex-flex-grow\"><a href=\"mailto:sales@tirrena.it\">Solicite uma cota\u00e7\u00e3o<\/a><\/div><\/div><\/div><\/div><\/div><\/div><div class=\"wpb_column newsletter_footer margine_mobile vc_column_container vc_col-sm-4\"><div class=\"vc_column-inner\"><div class=\"wpb_wrapper\"><\/div><\/div><\/div><div class=\"wpb_column margine_mobile desktop vc_column_container vc_col-sm-4\"><div class=\"vc_column-inner\"><div class=\"wpb_wrapper\">\n\t<div style=\"color:#ffffff;font-family:Inter, sans-serif;font-size:16px;font-weight:700;line-height:26px;\" class=\"wpb_text_column has-custom-color wpex-child-inherit-color wpb_content_element\" >\n\t\t<div class=\"wpb_wrapper\">\n\t\t\t<p>Links \u00fateis<\/p>\n\n\t\t<\/div>\n\t<\/div>\n<div class=\"vc_row wpb_row vc_inner vc_row-fluid vc_custom_1675853411494\"><div class=\"wpb_column vc_column_container vc_col-sm-6\"><div class=\"vc_column-inner\"><div class=\"wpb_wrapper\">\n\t<div style=\"font-size:14px;font-weight:400;\" class=\"wpb_text_column wpb_content_element vc_custom_1690045079172\" >\n\t\t<div class=\"wpb_wrapper\">\n\t\t\t<p><a href=\"\/\">Home<\/a><br \/>\n<a href=\"\/company\/\">Company<\/a><br \/>\n<a href=\"\/servizi\/\">Servi\u00e7os<\/a><br \/>\n<a href=\"\/trasporti\/\">Trasporte<\/a><br \/>\n<a href=\"\/warehousing\/\">Armazenamento<\/a><br \/>\n<a href=\"\/foto-gallery\/\">Fotos<\/a><br \/>\n<a href=\"\/download\/\">Download<\/a><\/p>\n\n\t\t<\/div>\n\t<\/div>\n<\/div><\/div><\/div><div class=\"wpb_column vc_column_container vc_col-sm-6\"><div class=\"vc_column-inner\"><div class=\"wpb_wrapper\">\n\t<div style=\"font-size:14px;font-weight:400;\" class=\"wpb_text_column wpb_content_element vc_custom_1690045193496\" >\n\t\t<div class=\"wpb_wrapper\">\n\t\t\t<p><a href=\"\/contatti\/\">Contato<\/a><br \/>\n<a href=\"\/settori\/general-cargo\/\">Carga Geral<\/a><br \/>\n<a href=\"\/settori\/marble-stones-tiles\/\">M\u00e1rmore, Pedras e Telhas<\/a><br \/>\n<a href=\"\/settori\/project-cargo-machinery\/\">Carga de Projeto e Maquin\u00e1rio<\/a><br \/>\n<a href=\"\/settori\/raw-materials-industrial-products-bulk-cargo\/\">Mat\u00e9rias-Primas e Produtos Industriais<\/a><\/p>\n\n\t\t<\/div>\n\t<\/div>\n<\/div><\/div><\/div><\/div><\/div><\/div><\/div><\/div><div class=\"vc_row wpb_row vc_row-fluid vc_custom_1679491706647 hidden-phone\"><div class=\"wpb_column vc_column_container vc_col-sm-12\"><div class=\"vc_column-inner\"><div class=\"wpb_wrapper\">\n\t<div style=\"color:#95999e;font-size:14px;font-weight:400;\" class=\"wpb_text_column has-custom-color wpex-child-inherit-color wpb_content_element vc_custom_1757511640258\" >\n\t\t<div class=\"wpb_wrapper\">\n\t\t\t<p style=\"text-align: center;\">\u00a9 2025 TIRRENA S.r.l.<\/p>\n<p style=\"text-align: center;\">Sociedade com s\u00f3cio \u00fanico sujeita \u00e0 atividade de dire\u00e7\u00e3o e coordena\u00e7\u00e3o da Fintirrena S.r.L.<\/p>\n<p style=\"text-align: center;\">P. Iva 01374420451 - <a href=\"\/pt-br\/privacy-cookie-policy\/\">Pol\u00edtica de privacidade e cookies<\/a>\u00a0- <a href=\"https:\/\/alexdigitale.net\/bv\/\">Website by AlexDigitale<\/a><\/p>\n\n\t\t<\/div>\n\t<\/div>\n<\/div><\/div><\/div><\/div>\n<\/div>[\/vc_column][\/vc_row]\n<\/div>","protected":false},"excerpt":{"rendered":"","protected":false},"author":2,"featured_media":0,"parent":0,"menu_order":0,"comment_status":"closed","ping_status":"closed","template":"","meta":{"inline_featured_image":false,"footnotes":""},"class_list":["post-2003","page","type-page","status-publish","hentry","entry","no-media"],"_links":{"self":[{"href":"https:\/\/tirrena.global\/pt-br\/wp-json\/wp\/v2\/pages\/2003","targetHints":{"allow":["GET"]}}],"collection":[{"href":"https:\/\/tirrena.global\/pt-br\/wp-json\/wp\/v2\/pages"}],"about":[{"href":"https:\/\/tirrena.global\/pt-br\/wp-json\/wp\/v2\/types\/page"}],"author":[{"embeddable":true,"href":"https:\/\/tirrena.global\/pt-br\/wp-json\/wp\/v2\/users\/2"}],"replies":[{"embeddable":true,"href":"https:\/\/tirrena.global\/pt-br\/wp-json\/wp\/v2\/comments?post=2003"}],"version-history":[{"count":21,"href":"https:\/\/tirrena.global\/pt-br\/wp-json\/wp\/v2\/pages\/2003\/revisions"}],"predecessor-version":[{"id":2213,"href":"https:\/\/tirrena.global\/pt-br\/wp-json\/wp\/v2\/pages\/2003\/revisions\/2213"}],"wp:attachment":[{"href":"https:\/\/tirrena.global\/pt-br\/wp-json\/wp\/v2\/media?parent=2003"}],"curies":[{"name":"wp","href":"https:\/\/api.w.org\/{rel}","templated":true}]}}