{"id":1988,"date":"2023-02-07T12:25:12","date_gmt":"2023-02-07T11:25:12","guid":{"rendered":"https:\/\/tirrena.global\/download\/"},"modified":"2023-07-22T18:22:10","modified_gmt":"2023-07-22T16:22:10","slug":"download","status":"publish","type":"page","link":"https:\/\/tirrena.global\/pt-br\/download\/","title":{"rendered":"Download"},"content":{"rendered":"<div class=\"wpb-content-wrapper\">[vc_row css_animation=&#8221;fadeIn&#8221; full_width=&#8221;stretch_row&#8221; content_placement=&#8221;middle&#8221; el_class=&#8221;min_height650 min_height300&#8243; css=&#8221;.vc_custom_1677836636129{background-image: url(https:\/\/tirrena.global\/wp-content\/uploads\/2023\/03\/tirrena_download.png?id=719) !important;background-position: center !important;background-repeat: no-repeat !important;background-size: cover !important;}&#8221;][vc_column css_animation=&#8221;fadeInLeft&#8221; width=&#8221;2\/3&#8243; css_animation_delay=&#8221;0.4&#8243;][vc_column_text el_class=&#8221;scritta_bg&#8221;]Tirrena[\/vc_column_text][vc_column_text color=&#8221;#ffffff&#8221; el_class=&#8221;titolo_pag_servizi&#8221;]\n<h1>Download<\/h1>\n[\/vc_column_text][\/vc_column][vc_column width=&#8221;1\/3&#8243;][\/vc_column][\/vc_row][vc_row css_animation=&#8221;fadeIn&#8221; content_placement=&#8221;middle&#8221; el_class=&#8221;margin_top100&#8243;][vc_column css_animation=&#8221;none&#8221; el_class=&#8221;margine_mobile60&#8243;][vc_column_text el_class=&#8221;line_height&#8221;]\n<h2>Fa\u00e7a download do <span style=\"color: #00769a;\">folder <\/span>aqui<\/h2>\n[\/vc_column_text]<style>.vcex-bullets.vcex_69e7607671e03 .vcex-bullets-icon{color:#00769a;}.vcex-bullets.vcex_69e7607671e03{color:#696e76;font-size:16px;font-family:Inter, sans-serif;font-weight:400;}<\/style><div class=\"vcex-module vcex-bullets custom-icon vc_custom_1677836348178 vcex_69e7607671e03\">\n<ul>\n<li><div class=\"vcex-bullets-ci-wrap wpex-inline-flex\"><span class=\"vcex-bullets-icon-wrap vcex-icon-wrap wpex-mr-10\"><span class=\"vcex-bullets-icon vcex-icon ticon ticon-caret-right\" aria-hidden=\"true\"><\/span><\/span><div class=\"vcex-content wpex-flex-grow\"><span style=\"text-decoration: underline\"><a href=\"https:\/\/tirrena.global\/wp-content\/uploads\/2023\/03\/TIRRENA_Brochure_ITA-ENG.pdf\" target=\"_blank\" rel=\"noopener\">Tirrena Brochure ITA &#8211; ENG<\/a><\/span><\/div><\/div><\/li>\n<li><div class=\"vcex-bullets-ci-wrap wpex-inline-flex\"><span class=\"vcex-bullets-icon-wrap vcex-icon-wrap wpex-mr-10\"><span class=\"vcex-bullets-icon vcex-icon ticon ticon-caret-right\" aria-hidden=\"true\"><\/span><\/span><div class=\"vcex-content wpex-flex-grow\"><span style=\"text-decoration: underline\"><a href=\"https:\/\/tirrena.global\/wp-content\/uploads\/2023\/03\/Tirrena_INCOTERMS.pdf\" target=\"_blank\" rel=\"noopener\">Tirrena Inconterms<\/a><\/span><\/div><\/div><\/li>\n<li><div class=\"vcex-bullets-ci-wrap wpex-inline-flex\"><span class=\"vcex-bullets-icon-wrap vcex-icon-wrap wpex-mr-10\"><span class=\"vcex-bullets-icon vcex-icon ticon ticon-caret-right\" aria-hidden=\"true\"><\/span><\/span><div class=\"vcex-content wpex-flex-grow\"><span style=\"text-decoration: underline\"><a href=\"https:\/\/tirrena.global\/wp-content\/uploads\/2023\/03\/Tirrena_ISOCONTAINER.pdf\" target=\"_blank\" rel=\"noopener\">Tirrena Isocontainer<\/a><\/span><\/div><\/div><\/li>\n<\/ul>\n<\/div>[\/vc_column][\/vc_row][vc_row css_animation=&#8221;fadeIn&#8221; content_placement=&#8221;middle&#8221; css=&#8221;.vc_custom_1678274227390{margin-top: 70px !important;margin-bottom: 70px !important;}&#8221;][vc_column css_animation=&#8221;none&#8221; el_class=&#8221;margine_mobile60&#8243;][vc_column_text el_class=&#8221;line_height&#8221;]\n<h2>Baixe aqui as fichas <span style=\"color: #00769a;\">setoriais<\/span><\/h2>\n[\/vc_column_text]<style>.vcex-bullets.vcex_69e7607673b6b .vcex-bullets-icon{color:#00769a;}.vcex-bullets.vcex_69e7607673b6b{color:#696e76;font-size:16px;font-family:Inter, sans-serif;font-weight:400;}<\/style><div class=\"vcex-module vcex-bullets custom-icon vc_custom_1689495327031 vcex_69e7607673b6b\">\n<ul>\n<li><div class=\"vcex-bullets-ci-wrap wpex-inline-flex\"><span class=\"vcex-bullets-icon-wrap vcex-icon-wrap wpex-mr-10\"><span class=\"vcex-bullets-icon vcex-icon ticon ticon-caret-right\" aria-hidden=\"true\"><\/span><\/span><div class=\"vcex-content wpex-flex-grow\">&#8220;General Cargo&#8221;<\/div><\/div><\/li>\n<\/ul>\n<\/div>[vc_column_text css=&#8221;.vc_custom_1678281500865{margin-top: 10px !important;}&#8221;]<a href=\"https:\/\/tirrena.global\/wp-content\/uploads\/2023\/03\/TIRRENA_General_Cargo_ITA.pdf\" target=\"_blank\" rel=\"noopener\"><img loading=\"lazy\" decoding=\"async\" class=\"alignnone size-full wp-image-1133\" src=\"https:\/\/tirrena.global\/wp-content\/uploads\/2023\/03\/ITA.png\" alt=\"\" width=\"50\" height=\"28\" \/><\/a>\u00a0 \u00a0 <a href=\"https:\/\/tirrena.global\/wp-content\/uploads\/2023\/03\/TIRRENA_General_Cargo_ENG.pdf\" target=\"_blank\" rel=\"noopener\"><img loading=\"lazy\" decoding=\"async\" class=\"alignnone size-full wp-image-1131\" src=\"https:\/\/tirrena.global\/wp-content\/uploads\/2023\/03\/UK.png\" alt=\"\" width=\"50\" height=\"28\" \/><\/a>\u00a0 \u00a0 <a href=\"https:\/\/tirrena.global\/wp-content\/uploads\/2023\/03\/TIRRENA_General_Cargo_POR.pdf\" target=\"_blank\" rel=\"noopener\"><img loading=\"lazy\" decoding=\"async\" class=\"alignnone size-full wp-image-1137\" src=\"https:\/\/tirrena.global\/wp-content\/uploads\/2023\/03\/BRASILE.png\" alt=\"\" width=\"50\" height=\"28\" \/><\/a>\u00a0 \u00a0 <a href=\"https:\/\/tirrena.global\/wp-content\/uploads\/2023\/03\/TIRRENA_General_Cargo_CHI.pdf\" target=\"_blank\" rel=\"noopener\"><img loading=\"lazy\" decoding=\"async\" class=\"alignnone size-full wp-image-1135\" src=\"https:\/\/tirrena.global\/wp-content\/uploads\/2023\/03\/CINA.png\" alt=\"\" width=\"50\" height=\"28\" \/><\/a>[\/vc_column_text]<style>.vcex-bullets.vcex_69e7607673ea7 .vcex-bullets-icon{color:#00769a;}.vcex-bullets.vcex_69e7607673ea7{color:#696e76;font-size:16px;font-family:Inter, sans-serif;font-weight:400;}<\/style><div class=\"vcex-module vcex-bullets custom-icon vc_custom_1689495333132 vcex_69e7607673ea7\">\n<ul>\n<li><div class=\"vcex-bullets-ci-wrap wpex-inline-flex\"><span class=\"vcex-bullets-icon-wrap vcex-icon-wrap wpex-mr-10\"><span class=\"vcex-bullets-icon vcex-icon ticon ticon-caret-right\" aria-hidden=\"true\"><\/span><\/span><div class=\"vcex-content wpex-flex-grow\">&#8220;Marble,Stone Industry&#8221;<\/div><\/div><\/li>\n<\/ul>\n<\/div>[vc_column_text css=&#8221;.vc_custom_1678281719836{margin-top: 10px !important;}&#8221;]<a href=\"https:\/\/tirrena.global\/wp-content\/uploads\/2023\/03\/TIRRENA_Stone_Industry_ITA.pdf\" target=\"_blank\" rel=\"noopener\"><img loading=\"lazy\" decoding=\"async\" class=\"alignnone size-full wp-image-1133\" src=\"https:\/\/tirrena.global\/wp-content\/uploads\/2023\/03\/ITA.png\" alt=\"\" width=\"50\" height=\"28\" \/><\/a>\u00a0 \u00a0 <a href=\"https:\/\/tirrena.global\/wp-content\/uploads\/2023\/03\/TIRRENA_Stone_Industry_ENG.pdf\" target=\"_blank\" rel=\"noopener\"><img loading=\"lazy\" decoding=\"async\" class=\"alignnone size-full wp-image-1131\" src=\"https:\/\/tirrena.global\/wp-content\/uploads\/2023\/03\/UK.png\" alt=\"\" width=\"50\" height=\"28\" \/><\/a>\u00a0 \u00a0 <a href=\"https:\/\/tirrena.global\/wp-content\/uploads\/2023\/03\/TIRRENA_Stone_Industry_POR.pdf\" target=\"_blank\" rel=\"noopener\"><img loading=\"lazy\" decoding=\"async\" class=\"alignnone size-full wp-image-1137\" src=\"https:\/\/tirrena.global\/wp-content\/uploads\/2023\/03\/BRASILE.png\" alt=\"\" width=\"50\" height=\"28\" \/><\/a>\u00a0 \u00a0 <a href=\"https:\/\/tirrena.global\/wp-content\/uploads\/2023\/03\/TIRRENA_Stone_Industry_CHI.pdf\" target=\"_blank\" rel=\"noopener\"><img loading=\"lazy\" decoding=\"async\" class=\"alignnone size-full wp-image-1135\" src=\"https:\/\/tirrena.global\/wp-content\/uploads\/2023\/03\/CINA.png\" alt=\"\" width=\"50\" height=\"28\" \/><\/a>[\/vc_column_text]<style>.vcex-bullets.vcex_69e7607674154 .vcex-bullets-icon{color:#00769a;}.vcex-bullets.vcex_69e7607674154{color:#696e76;font-size:16px;font-family:Inter, sans-serif;font-weight:400;}<\/style><div class=\"vcex-module vcex-bullets custom-icon vc_custom_1689495339229 vcex_69e7607674154\">\n<ul>\n<li><div class=\"vcex-bullets-ci-wrap wpex-inline-flex\"><span class=\"vcex-bullets-icon-wrap vcex-icon-wrap wpex-mr-10\"><span class=\"vcex-bullets-icon vcex-icon ticon ticon-caret-right\" aria-hidden=\"true\"><\/span><\/span><div class=\"vcex-content wpex-flex-grow\">&#8220;Project Cargo and Machinery&#8221;<\/div><\/div><\/li>\n<\/ul>\n<\/div>[vc_column_text css=&#8221;.vc_custom_1678281891709{margin-top: 10px !important;}&#8221;]<a href=\"https:\/\/tirrena.global\/wp-content\/uploads\/2023\/03\/TIRRENA_Project_Cargo_ITA.pdf\" target=\"_blank\" rel=\"noopener\"><img loading=\"lazy\" decoding=\"async\" class=\"alignnone size-full wp-image-1133\" src=\"https:\/\/tirrena.global\/wp-content\/uploads\/2023\/03\/ITA.png\" alt=\"\" width=\"50\" height=\"28\" \/><\/a>\u00a0 \u00a0 <a href=\"https:\/\/tirrena.global\/wp-content\/uploads\/2023\/03\/TIRRENA_Project_Cargo_ENG.pdf\" target=\"_blank\" rel=\"noopener\"><img loading=\"lazy\" decoding=\"async\" class=\"alignnone size-full wp-image-1131\" src=\"https:\/\/tirrena.global\/wp-content\/uploads\/2023\/03\/UK.png\" alt=\"\" width=\"50\" height=\"28\" \/><\/a>\u00a0 \u00a0 <a href=\"https:\/\/tirrena.global\/wp-content\/uploads\/2023\/03\/TIRRENA_Project_Cargo_POR.pdf\" target=\"_blank\" rel=\"noopener\"><img loading=\"lazy\" decoding=\"async\" class=\"alignnone size-full wp-image-1137\" src=\"https:\/\/tirrena.global\/wp-content\/uploads\/2023\/03\/BRASILE.png\" alt=\"\" width=\"50\" height=\"28\" \/><\/a>\u00a0 \u00a0 <a href=\"https:\/\/tirrena.global\/wp-content\/uploads\/2023\/03\/TIRRENA_Project_Cargo_CHI.pdf\" target=\"_blank\" rel=\"noopener\"><img loading=\"lazy\" decoding=\"async\" class=\"alignnone size-full wp-image-1135\" src=\"https:\/\/tirrena.global\/wp-content\/uploads\/2023\/03\/CINA.png\" alt=\"\" width=\"50\" height=\"28\" \/><\/a>[\/vc_column_text]<style>.vcex-bullets.vcex_69e76076743e4 .vcex-bullets-icon{color:#00769a;}.vcex-bullets.vcex_69e76076743e4{color:#696e76;font-size:16px;font-family:Inter, sans-serif;font-weight:400;}<\/style><div class=\"vcex-module vcex-bullets custom-icon vc_custom_1689495345175 vcex_69e76076743e4\">\n<ul>\n<li><div class=\"vcex-bullets-ci-wrap wpex-inline-flex\"><span class=\"vcex-bullets-icon-wrap vcex-icon-wrap wpex-mr-10\"><span class=\"vcex-bullets-icon vcex-icon ticon ticon-caret-right\" aria-hidden=\"true\"><\/span><\/span><div class=\"vcex-content wpex-flex-grow\">&#8220;Raw Materials, Industrial Products, Bulk Cargo&#8221;<\/div><\/div><\/li>\n<\/ul>\n<\/div>[vc_column_text css=&#8221;.vc_custom_1678282054951{margin-top: 10px !important;}&#8221;]<a href=\"https:\/\/tirrena.global\/wp-content\/uploads\/2023\/03\/TIRRENA_Industry_Bulk_Raw_Materials_ITA.pdf\" target=\"_blank\" rel=\"noopener\"><img loading=\"lazy\" decoding=\"async\" class=\"alignnone size-full wp-image-1133\" src=\"https:\/\/tirrena.global\/wp-content\/uploads\/2023\/03\/ITA.png\" alt=\"\" width=\"50\" height=\"28\" \/><\/a>\u00a0 \u00a0 <a href=\"https:\/\/tirrena.global\/wp-content\/uploads\/2023\/03\/TIRRENA_Industry_Bulk_Raw_Materials_ENG.pdf\" target=\"_blank\" rel=\"noopener\"><img loading=\"lazy\" decoding=\"async\" class=\"alignnone size-full wp-image-1131\" src=\"https:\/\/tirrena.global\/wp-content\/uploads\/2023\/03\/UK.png\" alt=\"\" width=\"50\" height=\"28\" \/><\/a>\u00a0 \u00a0 <a href=\"https:\/\/tirrena.global\/wp-content\/uploads\/2023\/03\/TIRRENA_Industry_Bulk_Raw_Materials_POR.pdf\" target=\"_blank\" rel=\"noopener\"><img loading=\"lazy\" decoding=\"async\" class=\"alignnone size-full wp-image-1137\" src=\"https:\/\/tirrena.global\/wp-content\/uploads\/2023\/03\/BRASILE.png\" alt=\"\" width=\"50\" height=\"28\" \/><\/a>\u00a0 \u00a0 <a href=\"https:\/\/tirrena.global\/wp-content\/uploads\/2023\/03\/TIRRENA_Industry_Bulk_Raw_Materials_CHI.pdf\" target=\"_blank\" rel=\"noopener\"><img loading=\"lazy\" decoding=\"async\" class=\"alignnone size-full wp-image-1135\" src=\"https:\/\/tirrena.global\/wp-content\/uploads\/2023\/03\/CINA.png\" alt=\"\" width=\"50\" height=\"28\" \/><\/a>[\/vc_column_text][\/vc_column][\/vc_row][vc_row css_animation=&#8221;fadeIn&#8221; content_placement=&#8221;middle&#8221; el_class=&#8221;margin_top100&#8243; css=&#8221;.vc_custom_1679327054183{margin-top: 70px !important;margin-bottom: 90px !important;}&#8221;][vc_column css_animation=&#8221;none&#8221; el_class=&#8221;margine_mobile60&#8243;][vc_column_text el_class=&#8221;line_height&#8221;]\n<h2>Documentos <span style=\"color: #00769a;\">\u00fateis<\/span><\/h2>\n[\/vc_column_text]<style>.vcex-bullets.vcex_69e76076746a7 .vcex-bullets-icon{color:#00769a;}.vcex-bullets.vcex_69e76076746a7{color:#696e76;font-size:16px;font-family:Inter, sans-serif;font-weight:400;}<\/style><div class=\"vcex-module vcex-bullets custom-icon vc_custom_1689495474150 vcex_69e76076746a7\">\n<ul>\n<li><div class=\"vcex-bullets-ci-wrap wpex-inline-flex\"><span class=\"vcex-bullets-icon-wrap vcex-icon-wrap wpex-mr-10\"><span class=\"vcex-bullets-icon vcex-icon ticon ticon-caret-right\" aria-hidden=\"true\"><\/span><\/span><div class=\"vcex-content wpex-flex-grow\"><span style=\"text-decoration: underline\"><a href=\"\/files\/ISPM15.pdf\" target=\"_blank\" rel=\"noopener\">Tabela de Pa\u00edses do ISPM<\/a><\/span><\/div><\/div><\/li>\n<\/ul>\n<\/div>[\/vc_column][\/vc_row][vc_row full_width=&#8221;stretch_row&#8221; css=&#8221;.vc_custom_1690041009462{padding-top: 30px !important;padding-bottom: 20px !important;background-color: #31363f !important;}&#8221;][vc_column]<div class=\"templatera_shortcode\"><style type=\"text\/css\" data-type=\"vc_shortcodes-custom-css\">.vc_custom_1679491706647{margin-top: 50px !important;}.vc_custom_1675934249238{margin-bottom: 20px !important;}.vc_custom_1675851675852{margin-top: 10px !important;}.vc_custom_1679229977833{margin-top: 10px !important;}.vc_custom_1679230110221{margin-top: 10px !important;}.vc_custom_1679230176241{margin-top: 10px !important;}.vc_custom_1675853411494{margin-top: 20px !important;}.vc_custom_1679237186215{margin-top: 15px !important;}.vc_custom_1679237099459{margin-top: 15px !important;}.vc_custom_1757511491479{margin-top: 15px !important;}<\/style><div class=\"vc_row wpb_row vc_row-fluid contatti_footer vc_row-o-content-top vc_row-flex\" style=\"background-position:100% 100%!important;\"><div class=\"wpb_column vc_column_container vc_col-sm-4\"><div class=\"vc_column-inner\"><div class=\"wpb_wrapper\">\n\t<div  class=\"wpb_single_image wpb_content_element vc_align_ wpb_content_element vc_custom_1675934249238\">\n\t\t\n\t\t<figure class=\"wpb_wrapper vc_figure\">\n\t\t\t<div class=\"vc_single_image-wrapper   vc_box_border_grey\"><img class=\"vc_single_image-img \" src=\"https:\/\/tirrena.global\/wp-content\/uploads\/2023\/02\/logo_footer-190x39.png\" width=\"190\" height=\"39\" alt=\"\" title=\"\" loading=\"lazy\" \/><\/div>\n\t\t<\/figure>\n\t<\/div>\n<style>.vcex-list_item.vcex_69e7607678004{font-size:14px;font-family:Inter, sans-serif;font-weight:400;line-height:22px;color:#ffffff;}.vcex-list_item.vcex_69e7607678004 .vcex-list-item-icon-inner{color:#ffffff;}<\/style><div class=\"vcex-list_item vcex-module wpex-m-0 wpex-max-w-100 wpex-mb-5 vcex_69e7607678004\"><a  href=\"https:\/\/goo.gl\/maps\/CinywGkRa2jDoFzW6\" class=\"vcex-list-item-link wpex-no-underline wpex-inherit-color\"><div class=\"vcex-list-item-inner wpex-inline-flex wpex-flex-no-wrap\"><div class=\"vcex-list-item-icon wpex-mr-10\"><div class=\"vcex-list-item-icon-inner vcex-icon-wrap wpex-inline-flex wpex-justify-center wpex-items-center wpex-leading-none wpex-child-inherit-color\"><span class=\"ticon ticon-map-marker\" aria-hidden=\"true\"><\/span><\/div><\/div><div class=\"vcex-list-item-text vcex-content wpex-flex-grow\">Viale Domenico Zaccagna, 6 - 54033 Avenza Carrara (MS) Italy<\/div><\/div><\/a><\/div><style>.vcex-list_item.vcex_69e7607679551{font-size:14px;font-family:Inter, sans-serif;font-weight:400;line-height:22px;color:#ffffff;}.vcex-list_item.vcex_69e7607679551 .vcex-list-item-icon-inner{color:#ffffff;}<\/style><div class=\"vcex-list_item vcex-module wpex-m-0 wpex-max-w-100 wpex-mb-5 vc_custom_1675851675852 vcex_69e7607679551\"><div class=\"vcex-list-item-inner wpex-inline-flex wpex-flex-no-wrap\"><div class=\"vcex-list-item-icon wpex-mr-10\"><div class=\"vcex-list-item-icon-inner vcex-icon-wrap wpex-inline-flex wpex-justify-center wpex-items-center wpex-leading-none wpex-child-inherit-color\"><span class=\"ticon ticon-phone\" aria-hidden=\"true\"><\/span><\/div><\/div><div class=\"vcex-list-item-text vcex-content wpex-flex-grow\"><a href=\"tel:+39058550731\">+39 0585 50731<\/a><\/div><\/div><\/div><style>.vcex-list_item.vcex_69e7607679a06{font-size:14px;font-family:Inter, sans-serif;font-weight:400;line-height:22px;color:#ffffff;}.vcex-list_item.vcex_69e7607679a06 .vcex-list-item-icon-inner{color:#ffffff;}<\/style><div class=\"vcex-list_item vcex-module wpex-m-0 wpex-max-w-100 wpex-mb-5 vc_custom_1679229977833 vcex_69e7607679a06\"><div class=\"vcex-list-item-inner wpex-inline-flex wpex-flex-no-wrap\"><div class=\"vcex-list-item-icon wpex-mr-10\"><div class=\"vcex-list-item-icon-inner vcex-icon-wrap wpex-inline-flex wpex-justify-center wpex-items-center wpex-leading-none wpex-child-inherit-color\"><span class=\"ticon ticon-envelope\" aria-hidden=\"true\"><\/span><\/div><\/div><div class=\"vcex-list-item-text vcex-content wpex-flex-grow\"><a href=\"mailto:reception@tirrena.it\">reception@tirrena.it<\/a><\/div><\/div><\/div><style>.vcex-list_item.vcex_69e7607679e17{font-size:14px;font-family:Inter, sans-serif;font-weight:400;line-height:22px;color:#ffffff;}.vcex-list_item.vcex_69e7607679e17 .vcex-list-item-icon-inner{color:#ffffff;}<\/style><div class=\"vcex-list_item vcex-module wpex-m-0 wpex-max-w-100 wpex-mb-5 vc_custom_1690044992593 vcex_69e7607679e17\"><div class=\"vcex-list-item-inner wpex-inline-flex wpex-flex-no-wrap\"><div class=\"vcex-list-item-icon wpex-mr-10\"><div class=\"vcex-list-item-icon-inner vcex-icon-wrap wpex-inline-flex wpex-justify-center wpex-items-center wpex-leading-none wpex-child-inherit-color\"><span class=\"ticon ticon-briefcase\" aria-hidden=\"true\"><\/span><\/div><\/div><div class=\"vcex-list-item-text vcex-content wpex-flex-grow\"><a href=\"mailto:hr@tirrena.it\">Trabalhe conosco<\/a><\/div><\/div><\/div><style>.vcex-list_item.vcex_69e760767a1e0{font-size:14px;font-family:Inter, sans-serif;font-weight:400;line-height:22px;color:#ffffff;}.vcex-list_item.vcex_69e760767a1e0 .vcex-list-item-icon-inner{color:#ffffff;}<\/style><div class=\"vcex-list_item vcex-module wpex-m-0 wpex-max-w-100 wpex-mb-5 vc_custom_1690045016420 vcex_69e760767a1e0\"><div class=\"vcex-list-item-inner wpex-inline-flex wpex-flex-no-wrap\"><div class=\"vcex-list-item-icon wpex-mr-10\"><div class=\"vcex-list-item-icon-inner vcex-icon-wrap wpex-inline-flex wpex-justify-center wpex-items-center wpex-leading-none wpex-child-inherit-color\"><span class=\"ticon ticon-handshake-o\" aria-hidden=\"true\"><\/span><\/div><\/div><div class=\"vcex-list-item-text vcex-content wpex-flex-grow\"><a href=\"mailto:sales@tirrena.it\">Solicite uma cota\u00e7\u00e3o<\/a><\/div><\/div><\/div><\/div><\/div><\/div><div class=\"wpb_column newsletter_footer margine_mobile vc_column_container vc_col-sm-4\"><div class=\"vc_column-inner\"><div class=\"wpb_wrapper\"><\/div><\/div><\/div><div class=\"wpb_column margine_mobile desktop vc_column_container vc_col-sm-4\"><div class=\"vc_column-inner\"><div class=\"wpb_wrapper\">\n\t<div style=\"color:#ffffff;font-family:Inter, sans-serif;font-size:16px;font-weight:700;line-height:26px;\" class=\"wpb_text_column has-custom-color wpex-child-inherit-color wpb_content_element\" >\n\t\t<div class=\"wpb_wrapper\">\n\t\t\t<p>Links \u00fateis<\/p>\n\n\t\t<\/div>\n\t<\/div>\n<div class=\"vc_row wpb_row vc_inner vc_row-fluid vc_custom_1675853411494\"><div class=\"wpb_column vc_column_container vc_col-sm-6\"><div class=\"vc_column-inner\"><div class=\"wpb_wrapper\">\n\t<div style=\"font-size:14px;font-weight:400;\" class=\"wpb_text_column wpb_content_element vc_custom_1690045079172\" >\n\t\t<div class=\"wpb_wrapper\">\n\t\t\t<p><a href=\"\/\">Home<\/a><br \/>\n<a href=\"\/company\/\">Company<\/a><br \/>\n<a href=\"\/servizi\/\">Servi\u00e7os<\/a><br \/>\n<a href=\"\/trasporti\/\">Trasporte<\/a><br \/>\n<a href=\"\/warehousing\/\">Armazenamento<\/a><br \/>\n<a href=\"\/foto-gallery\/\">Fotos<\/a><br \/>\n<a href=\"\/download\/\">Download<\/a><\/p>\n\n\t\t<\/div>\n\t<\/div>\n<\/div><\/div><\/div><div class=\"wpb_column vc_column_container vc_col-sm-6\"><div class=\"vc_column-inner\"><div class=\"wpb_wrapper\">\n\t<div style=\"font-size:14px;font-weight:400;\" class=\"wpb_text_column wpb_content_element vc_custom_1690045193496\" >\n\t\t<div class=\"wpb_wrapper\">\n\t\t\t<p><a href=\"\/contatti\/\">Contato<\/a><br \/>\n<a href=\"\/settori\/general-cargo\/\">Carga Geral<\/a><br \/>\n<a href=\"\/settori\/marble-stones-tiles\/\">M\u00e1rmore, Pedras e Telhas<\/a><br \/>\n<a href=\"\/settori\/project-cargo-machinery\/\">Carga de Projeto e Maquin\u00e1rio<\/a><br \/>\n<a href=\"\/settori\/raw-materials-industrial-products-bulk-cargo\/\">Mat\u00e9rias-Primas e Produtos Industriais<\/a><\/p>\n\n\t\t<\/div>\n\t<\/div>\n<\/div><\/div><\/div><\/div><\/div><\/div><\/div><\/div><div class=\"vc_row wpb_row vc_row-fluid vc_custom_1679491706647 hidden-phone\"><div class=\"wpb_column vc_column_container vc_col-sm-12\"><div class=\"vc_column-inner\"><div class=\"wpb_wrapper\">\n\t<div style=\"color:#95999e;font-size:14px;font-weight:400;\" class=\"wpb_text_column has-custom-color wpex-child-inherit-color wpb_content_element vc_custom_1757511640258\" >\n\t\t<div class=\"wpb_wrapper\">\n\t\t\t<p style=\"text-align: center;\">\u00a9 2025 TIRRENA S.r.l.<\/p>\n<p style=\"text-align: center;\">Sociedade com s\u00f3cio \u00fanico sujeita \u00e0 atividade de dire\u00e7\u00e3o e coordena\u00e7\u00e3o da Fintirrena S.r.L.<\/p>\n<p style=\"text-align: center;\">P. Iva 01374420451 - <a href=\"\/pt-br\/privacy-cookie-policy\/\">Pol\u00edtica de privacidade e cookies<\/a>\u00a0- <a href=\"https:\/\/alexdigitale.net\/bv\/\">Website by AlexDigitale<\/a><\/p>\n\n\t\t<\/div>\n\t<\/div>\n<\/div><\/div><\/div><\/div>\n<\/div>[\/vc_column][\/vc_row]\n<\/div>","protected":false},"excerpt":{"rendered":"Tirrena Download Fa\u00e7a download do folder aqui Tirrena Brochure ITA - ENG Tirrena Inconterms Tirrena Isocontainer Baixe aqui as fichas setoriais \"General Cargo\" \u00a0 \u00a0 \u00a0 \u00a0 \u00a0 \u00a0 \"Marble,Stone Industry\" \u00a0 \u00a0 \u00a0 \u00a0 \u00a0 \u00a0 \"Project Cargo and Machinery\" \u00a0 \u00a0 \u00a0 \u00a0 \u00a0 \u00a0 \"Raw Materials, Industrial Products, Bulk Cargo\" \u00a0 \u00a0&hellip;","protected":false},"author":2,"featured_media":0,"parent":0,"menu_order":0,"comment_status":"closed","ping_status":"closed","template":"","meta":{"inline_featured_image":false,"footnotes":""},"class_list":["post-1988","page","type-page","status-publish","hentry","entry","no-media"],"_links":{"self":[{"href":"https:\/\/tirrena.global\/pt-br\/wp-json\/wp\/v2\/pages\/1988","targetHints":{"allow":["GET"]}}],"collection":[{"href":"https:\/\/tirrena.global\/pt-br\/wp-json\/wp\/v2\/pages"}],"about":[{"href":"https:\/\/tirrena.global\/pt-br\/wp-json\/wp\/v2\/types\/page"}],"author":[{"embeddable":true,"href":"https:\/\/tirrena.global\/pt-br\/wp-json\/wp\/v2\/users\/2"}],"replies":[{"embeddable":true,"href":"https:\/\/tirrena.global\/pt-br\/wp-json\/wp\/v2\/comments?post=1988"}],"version-history":[{"count":5,"href":"https:\/\/tirrena.global\/pt-br\/wp-json\/wp\/v2\/pages\/1988\/revisions"}],"predecessor-version":[{"id":2201,"href":"https:\/\/tirrena.global\/pt-br\/wp-json\/wp\/v2\/pages\/1988\/revisions\/2201"}],"wp:attachment":[{"href":"https:\/\/tirrena.global\/pt-br\/wp-json\/wp\/v2\/media?parent=1988"}],"curies":[{"name":"wp","href":"https:\/\/api.w.org\/{rel}","templated":true}]}}