{"id":1880,"date":"2021-08-24T14:50:27","date_gmt":"2021-08-24T12:50:27","guid":{"rendered":"https:\/\/tirrena.global\/privacy-cookie-policy\/"},"modified":"2025-09-10T15:33:43","modified_gmt":"2025-09-10T13:33:43","slug":"privacy-cookie-policy","status":"publish","type":"page","link":"https:\/\/tirrena.global\/pt-br\/privacy-cookie-policy\/","title":{"rendered":"Privacy POR"},"content":{"rendered":"<div class=\"wpb-content-wrapper\">[vc_row css=&#8221;.vc_custom_1643202453415{margin-top: 40px !important;}&#8221;][vc_column][vc_column_text css=&#8221;&#8221;]<strong>INFORMA\u00c7\u00d5ES DE ACORDO COM OS ARTIGOS 13-14 DO GDPR (REGULAMENTO GERAL DE PROTE\u00c7\u00c3O DE DADOS) 2016\/679<\/strong><\/p>\n<p>TIRRENA S.r.l. &#8211; P. Iva 01374420451 email <strong><a href=\"mailto:privacy@tirrena.it\">privacy@tirrena.it<\/a><\/strong>, Controlador de Dados, informa que seus dados ser\u00e3o processados da maneira e para os fins indicados abaixo.<\/p>\n<p>O Controlador tem o compromisso de proteger a privacidade e a confidencialidade dos Dados Pessoais de acordo com os princ\u00edpios de justi\u00e7a, legalidade, transpar\u00eancia e prote\u00e7\u00e3o de seus direitos<\/p>\n<p><strong>1) TIPO DE DADOS PROCESSADOS<\/strong><\/p>\n<p>Processamos dados pessoais comunicados por voc\u00ea (nome, e-mail, nome da empresa, telefone etc.) em conex\u00e3o com solicita\u00e7\u00f5es enviadas espontaneamente e dados coletados de forma independente pelo site.<\/p>\n<ul>\n<li><strong>Dados fornecidos por voc\u00ea<\/strong>: dados pessoais, de identifica\u00e7\u00e3o e n\u00e3o sens\u00edveis que voc\u00ea forneceu para fazer perguntas por e-mail, por meio do formul\u00e1rio de contato ou por telefone sobre nossos produtos\/servi\u00e7os<\/li>\n<li><strong>Dados que coletamos automaticamente<\/strong>: dados an\u00f4nimos coletados por meio de cookies ou tecnologias semelhantes: para obter mais informa\u00e7\u00f5es, consulte a <a href=\"#cookie\"><strong>Pol\u00edtica de Cookies<\/strong><\/a> abaixo.<\/li>\n<\/ul>\n<p><strong>Observa\u00e7\u00e3o<\/strong>: os usu\u00e1rios com menos de 16 anos de idade n\u00e3o podem fornecer dados pessoais sem o consentimento de seus pais ou respons\u00e1veis.<\/p>\n<p><strong>2) FINALIDADE E BASE LEGAL DO PROCESSAMENTO <\/strong><\/p>\n<p>Processaremos seus dados pessoais:<\/p>\n<ol>\n<li><strong>A) <\/strong>para cumprir nossas obriga\u00e7\u00f5es contratuais; para fornecer uma resposta \u00e0s suas solicita\u00e7\u00f5es de informa\u00e7\u00f5es; para calcular uma cota\u00e7\u00e3o que voc\u00ea nos solicitou; para executar contratos de venda de produtos ou encomendar a presta\u00e7\u00e3o de servi\u00e7os; para fornecer a assist\u00eancia necess\u00e1ria em rela\u00e7\u00e3o aos produtos e servi\u00e7os que voc\u00ea adquiriu.<\/li>\n<li><strong>B) <\/strong>realizar an\u00e1lises estat\u00edsticas agregadas de forma an\u00f4nima para aprimorar nossos servi\u00e7os;<\/li>\n<li><strong>C) para <\/strong>fins administrativos e para o cumprimento de obriga\u00e7\u00f5es legais, como, por exemplo, as de natureza cont\u00e1bil ou fiscal, ou para atender a solicita\u00e7\u00f5es de autoridades judiciais.<\/li>\n<li><strong>D) no <\/strong>caso de envio de curr\u00edculos, exclusivamente para fins de sele\u00e7\u00e3o.<\/li>\n<\/ol>\n<p><strong>3) O FORNECIMENTO DE DADOS \u00c9 OBRIGAT\u00d3RIO? <\/strong><\/p>\n<p>O fornecimento de seus dados \u00e9 sempre opcional, mas o n\u00e3o fornecimento pode impossibilitar o prosseguimento de determinadas opera\u00e7\u00f5es de processamento, como aquelas estritamente relacionadas \u00e0 execu\u00e7\u00e3o de um contrato ou \u00e0 presta\u00e7\u00e3o dos servi\u00e7os solicitados.<\/p>\n<p><strong>4) LOCAL, M\u00c9TODO DE PROCESSAMENTO E TEMPO DE ARMAZENAMENTO <\/strong><\/p>\n<p>O processamento de seus dados pessoais \u00e9 realizado por meio das opera\u00e7\u00f5es indicadas no Art. 4 do C\u00f3digo de Privacidade e no Art. 4 n. 2) do GDPR e precisamente: coleta, registro, organiza\u00e7\u00e3o, armazenamento, consulta, processamento, modifica\u00e7\u00e3o, sele\u00e7\u00e3o, extra\u00e7\u00e3o, compara\u00e7\u00e3o, uso, interconex\u00e3o, bloqueio,<br \/>\ncomunica\u00e7\u00e3o, cancelamento e destrui\u00e7\u00e3o de dados.<\/p>\n<p>Seus dados pessoais s\u00e3o armazenados nas instala\u00e7\u00f5es do Controlador de Dados e est\u00e3o sujeitos a processamento em papel e eletr\u00f4nico e\/ou automatizado com l\u00f3gica estritamente relacionada \u00e0s finalidades indicadas e, em qualquer caso, de forma a garantir a seguran\u00e7a e a confidencialidade dos dados. Os dados que voc\u00ea nos envia n\u00e3o s\u00e3o salvos em nosso site.<\/p>\n<p>O Controlador processar\u00e1 os dados pessoais pelo tempo que for necess\u00e1rio para cumprir as finalidades acima mencionadas e, em qualquer caso, por um per\u00edodo n\u00e3o superior a 10 anos a partir do t\u00e9rmino do relacionamento para as Finalidades previstas no ponto C e por um per\u00edodo n\u00e3o superior a 38 meses a partir da coleta dos dados para as Finalidades previstas no ponto B.<\/p>\n<p><strong>5) ACESSO AOS DADOS<\/strong><\/p>\n<p>Seus dados podem ser disponibilizados para os fins indicados no ponto 2:<\/p>\n<ul>\n<li>aos funcion\u00e1rios e colaboradores do Controlador, em sua capacidade como respons\u00e1veis e\/ou processadores internos de dados e\/ou administradores de sistemas;<\/li>\n<li>empresas terceirizadas ou outras entidades (provedores de sites, provedores de nuvem, provedores de servi\u00e7os de pagamento eletr\u00f4nico, fornecedores, t\u00e9cnicos de suporte de hardware e software, agentes de encaminhamento e transportadoras, institui\u00e7\u00f5es de cr\u00e9dito, firmas profissionais etc.) que realizam atividades de terceiriza\u00e7\u00e3o em nome do Controlador, na qualidade de processadores de dados.<\/li>\n<\/ul>\n<p><strong>6) TRANSFER\u00caNCIA DE DADOS<\/strong><\/p>\n<p>Os dados n\u00e3o ser\u00e3o divulgados, vendidos ou trocados com outras partes que n\u00e3o o controlador de dados, os processadores de dados e as pessoas designadas sem o seu consentimento expresso e expl\u00edcito.<\/p>\n<p><strong>7) SEUS DIREITOS<\/strong><\/p>\n<p>Voc\u00ea tem o direito de saber quais dos seus dados pessoais est\u00e3o sendo processados. Em particular, voc\u00ea tem o direito de acesso, retifica\u00e7\u00e3o, exclus\u00e3o, bem como o direito \u00e0 portabilidade de dados, o direito \u00e0 restri\u00e7\u00e3o de processamento e o direito de se opor ao processamento, se as condi\u00e7\u00f5es forem atendidas.<\/p>\n<p>A seguir, apresentamos uma breve ilustra\u00e7\u00e3o de seus direitos com rela\u00e7\u00e3o ao processamento de seus dados pessoais.<\/p>\n<ul>\n<li>O <strong>direito de acesso <\/strong>permite que voc\u00ea obtenha confirma\u00e7\u00e3o de que seus dados pessoais est\u00e3o ou n\u00e3o sendo processados pelo Controlador e, quando aplic\u00e1vel, acesse esses dados e as informa\u00e7\u00f5es relacionadas a eles;<\/li>\n<li>O <strong>direito de retifica\u00e7\u00e3o <\/strong>permite que voc\u00ea obtenha a altera\u00e7\u00e3o de dados pessoais imprecisos que lhe digam respeito sem atrasos indevidos e, levando em conta as finalidades do processamento, obtenha a integra\u00e7\u00e3o de dados pessoais incompletos;<\/li>\n<li>O <strong>direito de exclus\u00e3o <\/strong>permite que voc\u00ea obtenha a exclus\u00e3o de dados relacionados a voc\u00ea sem atrasos indevidos (por exemplo, quando seus dados pessoais n\u00e3o forem mais necess\u00e1rios em rela\u00e7\u00e3o \u00e0s finalidades para as quais foram coletados), sujeito \u00e0s exce\u00e7\u00f5es previstas na legisla\u00e7\u00e3o aplic\u00e1vel (por exemplo, quando o armazenamento de seus dados for necess\u00e1rio para cumprir obriga\u00e7\u00f5es legais aplic\u00e1veis ao controlador de dados). A exclus\u00e3o ser\u00e1 realizada dentro do prazo t\u00e9cnico prescrito;<\/li>\n<li>O direito \u00e0 <strong>portabilidade de dados <\/strong>permite que voc\u00ea, em determinadas circunst\u00e2ncias previstas pela legisla\u00e7\u00e3o aplic\u00e1vel, receba em um formato estruturado, comumente usado e leg\u00edvel por m\u00e1quina os dados pessoais que voc\u00ea forneceu. Voc\u00ea pode transmitir esses dados a outro controlador de dados, desde que esse direito possa ser reconhecido a voc\u00ea \u00e0 luz da legisla\u00e7\u00e3o aplic\u00e1vel e sem preju\u00edzo do caso em que os direitos e liberdades de outros possam ser afetados;<\/li>\n<li>O <strong>direito \u00e0 restri\u00e7\u00e3o de <\/strong>processamento permite que voc\u00ea, em determinadas circunst\u00e2ncias previstas pela lei aplic\u00e1vel, obtenha a restri\u00e7\u00e3o do processamento de seus dados pessoais. Nesses casos, o Controlador s\u00f3 poder\u00e1 continuar a processar seus dados em determinados casos, por exemplo, para o exerc\u00edcio do direito de defesa ou para proteger os direitos de outra pessoa f\u00edsica ou jur\u00eddica;<\/li>\n<li>O <strong>direito de se opor ao processamento <\/strong>permite que voc\u00ea, em determinadas circunst\u00e2ncias previstas pela legisla\u00e7\u00e3o aplic\u00e1vel, se oponha ao processamento de seus dados pessoais, a menos que haja motivos leg\u00edtimos, direitos ou liberdades convincentes que permitam que o Controlador continue o processamento;<\/li>\n<\/ul>\n<p>Para obter mais informa\u00e7\u00f5es sobre o processamento de seus dados pessoais ou para exercer seus direitos, entre em contato conosco pelo e-mail <strong><a href=\"mailto:privacy@tirrena.it\">privacy@tirrena.it<\/a><\/strong><\/p>\n<p><strong>8) ALTERA\u00c7\u00d5ES NA DIVULGA\u00c7\u00c3O<\/strong><\/p>\n<p>Esta Pol\u00edtica est\u00e1 sujeita a altera\u00e7\u00f5es. Portanto, recomendamos que voc\u00ea verifique esta Pol\u00edtica regularmente e consulte a vers\u00e3o mais atualizada.<\/p>\n<p>\u00daltima atualiza\u00e7\u00e3o: <strong>setembro de 2025<\/strong>[\/vc_column_text][\/vc_column][\/vc_row][vc_row el_id=&#8221;cookie&#8221;][vc_column][vc_column_text css=&#8221;.vc_custom_1690053550442{padding-bottom: 30px !important;}&#8221;]Lista de cookies usados:<\/p>\n<table class=\"cookielawinfo-row-cat-table cookielawinfo-classic\"><thead><tr><th class=\"cookielawinfo-column-1\">Cookie<\/th><th class=\"cookielawinfo-column-2\">Tipo<\/th><th class=\"cookielawinfo-column-3\">Dura\u00e7\u00e3o<\/th><th class=\"cookielawinfo-column-4\">Descri\u00e7\u00e3o<\/th><\/tr><\/thead><tbody><tr class=\"cookielawinfo-row\"><td class=\"cookielawinfo-column-1\">cookielawinfo-checkbox-analytics<\/td><td class=\"cookielawinfo-column-2\">0<\/td><td class=\"cookielawinfo-column-3\">11 months<\/td><td class=\"cookielawinfo-column-4\">O cookie \u00e9 usado para armazenar o consentimento do usu\u00e1rio para cookies na categoria \"Analytics\".<\/td><\/tr><tr class=\"cookielawinfo-row\"><td class=\"cookielawinfo-column-1\">cookielawinfo-checkbox-functional<\/td><td class=\"cookielawinfo-column-2\">0<\/td><td class=\"cookielawinfo-column-3\">11 months<\/td><td class=\"cookielawinfo-column-4\">O cookie \u00e9 definido pelo cookie de consentimento do GDPR para registrar o consentimento do usu\u00e1rio para cookies na categoria \"Funcional\".<\/td><\/tr><tr class=\"cookielawinfo-row\"><td class=\"cookielawinfo-column-1\">cookielawinfo-checkbox-necessary<\/td><td class=\"cookielawinfo-column-2\">0<\/td><td class=\"cookielawinfo-column-3\">11 months<\/td><td class=\"cookielawinfo-column-4\">Esse cookie \u00e9 definido pelo plug-in de consentimento de cookies do GDPR. Os cookies s\u00e3o usados para armazenar o consentimento do usu\u00e1rio para cookies na categoria \"Necess\u00e1rio\".<\/td><\/tr><tr class=\"cookielawinfo-row\"><td class=\"cookielawinfo-column-1\">cookielawinfo-checkbox-others<\/td><td class=\"cookielawinfo-column-2\">0<\/td><td class=\"cookielawinfo-column-3\">11 months<\/td><td class=\"cookielawinfo-column-4\">Esse cookie \u00e9 definido pelo plug-in de consentimento de cookies do GDPR. O cookie \u00e9 usado para armazenar o consentimento do usu\u00e1rio para cookies na categoria \"Outros\".<\/td><\/tr><tr class=\"cookielawinfo-row\"><td class=\"cookielawinfo-column-1\">cookielawinfo-checkbox-performance<\/td><td class=\"cookielawinfo-column-2\">0<\/td><td class=\"cookielawinfo-column-3\">11 months<\/td><td class=\"cookielawinfo-column-4\">O cookie \u00e9 usado para armazenar o consentimento do usu\u00e1rio para cookies na categoria \"Desempenho\".<\/td><\/tr><tr class=\"cookielawinfo-row\"><td class=\"cookielawinfo-column-1\">viewed_cookie_policy<\/td><td class=\"cookielawinfo-column-2\">0<\/td><td class=\"cookielawinfo-column-3\">11 months<\/td><td class=\"cookielawinfo-column-4\">O cookie \u00e9 definido pelo plug-in GDPR Cookie Consent e \u00e9 usado para armazenar se o usu\u00e1rio consentiu ou n\u00e3o com o uso de cookies.Ele n\u00e3o armazena nenhum dado pessoal.<\/td><\/tr><\/tbody><\/table>[\/vc_column_text][\/vc_column][\/vc_row][vc_row full_width=&#8221;stretch_row&#8221; css=&#8221;.vc_custom_1690041009462{padding-top: 30px !important;padding-bottom: 20px !important;background-color: #31363f !important;}&#8221;][vc_column]<div class=\"templatera_shortcode\"><style type=\"text\/css\" data-type=\"vc_shortcodes-custom-css\">.vc_custom_1679491706647{margin-top: 50px !important;}.vc_custom_1675934249238{margin-bottom: 20px !important;}.vc_custom_1675851675852{margin-top: 10px !important;}.vc_custom_1679229977833{margin-top: 10px !important;}.vc_custom_1679230110221{margin-top: 10px !important;}.vc_custom_1679230176241{margin-top: 10px !important;}.vc_custom_1675853411494{margin-top: 20px !important;}.vc_custom_1679237186215{margin-top: 15px !important;}.vc_custom_1679237099459{margin-top: 15px !important;}.vc_custom_1757511491479{margin-top: 15px !important;}<\/style><div class=\"vc_row wpb_row vc_row-fluid contatti_footer vc_row-o-content-top vc_row-flex\" style=\"background-position:100% 100%!important;\"><div class=\"wpb_column vc_column_container vc_col-sm-4\"><div class=\"vc_column-inner\"><div class=\"wpb_wrapper\">\n\t<div  class=\"wpb_single_image wpb_content_element vc_align_ wpb_content_element vc_custom_1675934249238\">\n\t\t\n\t\t<figure class=\"wpb_wrapper vc_figure\">\n\t\t\t<div class=\"vc_single_image-wrapper   vc_box_border_grey\"><img class=\"vc_single_image-img \" src=\"https:\/\/tirrena.global\/wp-content\/uploads\/2023\/02\/logo_footer-190x39.png\" width=\"190\" height=\"39\" alt=\"\" title=\"\" loading=\"lazy\" \/><\/div>\n\t\t<\/figure>\n\t<\/div>\n<style>.vcex-list_item.vcex_69e75eff22c37{font-size:14px;font-family:Inter, sans-serif;font-weight:400;line-height:22px;color:#ffffff;}.vcex-list_item.vcex_69e75eff22c37 .vcex-list-item-icon-inner{color:#ffffff;}<\/style><div class=\"vcex-list_item vcex-module wpex-m-0 wpex-max-w-100 wpex-mb-5 vcex_69e75eff22c37\"><a  href=\"https:\/\/goo.gl\/maps\/CinywGkRa2jDoFzW6\" class=\"vcex-list-item-link wpex-no-underline wpex-inherit-color\"><div class=\"vcex-list-item-inner wpex-inline-flex wpex-flex-no-wrap\"><div class=\"vcex-list-item-icon wpex-mr-10\"><div class=\"vcex-list-item-icon-inner vcex-icon-wrap wpex-inline-flex wpex-justify-center wpex-items-center wpex-leading-none wpex-child-inherit-color\"><span class=\"ticon ticon-map-marker\" aria-hidden=\"true\"><\/span><\/div><\/div><div class=\"vcex-list-item-text vcex-content wpex-flex-grow\">Viale Domenico Zaccagna, 6 - 54033 Avenza Carrara (MS) Italy<\/div><\/div><\/a><\/div><style>.vcex-list_item.vcex_69e75eff25af9{font-size:14px;font-family:Inter, sans-serif;font-weight:400;line-height:22px;color:#ffffff;}.vcex-list_item.vcex_69e75eff25af9 .vcex-list-item-icon-inner{color:#ffffff;}<\/style><div class=\"vcex-list_item vcex-module wpex-m-0 wpex-max-w-100 wpex-mb-5 vc_custom_1675851675852 vcex_69e75eff25af9\"><div class=\"vcex-list-item-inner wpex-inline-flex wpex-flex-no-wrap\"><div class=\"vcex-list-item-icon wpex-mr-10\"><div class=\"vcex-list-item-icon-inner vcex-icon-wrap wpex-inline-flex wpex-justify-center wpex-items-center wpex-leading-none wpex-child-inherit-color\"><span class=\"ticon ticon-phone\" aria-hidden=\"true\"><\/span><\/div><\/div><div class=\"vcex-list-item-text vcex-content wpex-flex-grow\"><a href=\"tel:+39058550731\">+39 0585 50731<\/a><\/div><\/div><\/div><style>.vcex-list_item.vcex_69e75eff25f5e{font-size:14px;font-family:Inter, sans-serif;font-weight:400;line-height:22px;color:#ffffff;}.vcex-list_item.vcex_69e75eff25f5e .vcex-list-item-icon-inner{color:#ffffff;}<\/style><div class=\"vcex-list_item vcex-module wpex-m-0 wpex-max-w-100 wpex-mb-5 vc_custom_1679229977833 vcex_69e75eff25f5e\"><div class=\"vcex-list-item-inner wpex-inline-flex wpex-flex-no-wrap\"><div class=\"vcex-list-item-icon wpex-mr-10\"><div class=\"vcex-list-item-icon-inner vcex-icon-wrap wpex-inline-flex wpex-justify-center wpex-items-center wpex-leading-none wpex-child-inherit-color\"><span class=\"ticon ticon-envelope\" aria-hidden=\"true\"><\/span><\/div><\/div><div class=\"vcex-list-item-text vcex-content wpex-flex-grow\"><a href=\"mailto:reception@tirrena.it\">reception@tirrena.it<\/a><\/div><\/div><\/div><style>.vcex-list_item.vcex_69e75eff2632d{font-size:14px;font-family:Inter, sans-serif;font-weight:400;line-height:22px;color:#ffffff;}.vcex-list_item.vcex_69e75eff2632d .vcex-list-item-icon-inner{color:#ffffff;}<\/style><div class=\"vcex-list_item vcex-module wpex-m-0 wpex-max-w-100 wpex-mb-5 vc_custom_1690044992593 vcex_69e75eff2632d\"><div class=\"vcex-list-item-inner wpex-inline-flex wpex-flex-no-wrap\"><div class=\"vcex-list-item-icon wpex-mr-10\"><div class=\"vcex-list-item-icon-inner vcex-icon-wrap wpex-inline-flex wpex-justify-center wpex-items-center wpex-leading-none wpex-child-inherit-color\"><span class=\"ticon ticon-briefcase\" aria-hidden=\"true\"><\/span><\/div><\/div><div class=\"vcex-list-item-text vcex-content wpex-flex-grow\"><a href=\"mailto:hr@tirrena.it\">Trabalhe conosco<\/a><\/div><\/div><\/div><style>.vcex-list_item.vcex_69e75eff266ed{font-size:14px;font-family:Inter, sans-serif;font-weight:400;line-height:22px;color:#ffffff;}.vcex-list_item.vcex_69e75eff266ed .vcex-list-item-icon-inner{color:#ffffff;}<\/style><div class=\"vcex-list_item vcex-module wpex-m-0 wpex-max-w-100 wpex-mb-5 vc_custom_1690045016420 vcex_69e75eff266ed\"><div class=\"vcex-list-item-inner wpex-inline-flex wpex-flex-no-wrap\"><div class=\"vcex-list-item-icon wpex-mr-10\"><div class=\"vcex-list-item-icon-inner vcex-icon-wrap wpex-inline-flex wpex-justify-center wpex-items-center wpex-leading-none wpex-child-inherit-color\"><span class=\"ticon ticon-handshake-o\" aria-hidden=\"true\"><\/span><\/div><\/div><div class=\"vcex-list-item-text vcex-content wpex-flex-grow\"><a href=\"mailto:sales@tirrena.it\">Solicite uma cota\u00e7\u00e3o<\/a><\/div><\/div><\/div><\/div><\/div><\/div><div class=\"wpb_column newsletter_footer margine_mobile vc_column_container vc_col-sm-4\"><div class=\"vc_column-inner\"><div class=\"wpb_wrapper\"><\/div><\/div><\/div><div class=\"wpb_column margine_mobile desktop vc_column_container vc_col-sm-4\"><div class=\"vc_column-inner\"><div class=\"wpb_wrapper\">\n\t<div style=\"color:#ffffff;font-family:Inter, sans-serif;font-size:16px;font-weight:700;line-height:26px;\" class=\"wpb_text_column has-custom-color wpex-child-inherit-color wpb_content_element\" >\n\t\t<div class=\"wpb_wrapper\">\n\t\t\t<p>Links \u00fateis<\/p>\n\n\t\t<\/div>\n\t<\/div>\n<div class=\"vc_row wpb_row vc_inner vc_row-fluid vc_custom_1675853411494\"><div class=\"wpb_column vc_column_container vc_col-sm-6\"><div class=\"vc_column-inner\"><div class=\"wpb_wrapper\">\n\t<div style=\"font-size:14px;font-weight:400;\" class=\"wpb_text_column wpb_content_element vc_custom_1690045079172\" >\n\t\t<div class=\"wpb_wrapper\">\n\t\t\t<p><a href=\"\/\">Home<\/a><br \/>\n<a href=\"\/company\/\">Company<\/a><br \/>\n<a href=\"\/servizi\/\">Servi\u00e7os<\/a><br \/>\n<a href=\"\/trasporti\/\">Trasporte<\/a><br \/>\n<a href=\"\/warehousing\/\">Armazenamento<\/a><br \/>\n<a href=\"\/foto-gallery\/\">Fotos<\/a><br \/>\n<a href=\"\/download\/\">Download<\/a><\/p>\n\n\t\t<\/div>\n\t<\/div>\n<\/div><\/div><\/div><div class=\"wpb_column vc_column_container vc_col-sm-6\"><div class=\"vc_column-inner\"><div class=\"wpb_wrapper\">\n\t<div style=\"font-size:14px;font-weight:400;\" class=\"wpb_text_column wpb_content_element vc_custom_1690045193496\" >\n\t\t<div class=\"wpb_wrapper\">\n\t\t\t<p><a href=\"\/contatti\/\">Contato<\/a><br \/>\n<a href=\"\/settori\/general-cargo\/\">Carga Geral<\/a><br \/>\n<a href=\"\/settori\/marble-stones-tiles\/\">M\u00e1rmore, Pedras e Telhas<\/a><br \/>\n<a href=\"\/settori\/project-cargo-machinery\/\">Carga de Projeto e Maquin\u00e1rio<\/a><br \/>\n<a href=\"\/settori\/raw-materials-industrial-products-bulk-cargo\/\">Mat\u00e9rias-Primas e Produtos Industriais<\/a><\/p>\n\n\t\t<\/div>\n\t<\/div>\n<\/div><\/div><\/div><\/div><\/div><\/div><\/div><\/div><div class=\"vc_row wpb_row vc_row-fluid vc_custom_1679491706647 hidden-phone\"><div class=\"wpb_column vc_column_container vc_col-sm-12\"><div class=\"vc_column-inner\"><div class=\"wpb_wrapper\">\n\t<div style=\"color:#95999e;font-size:14px;font-weight:400;\" class=\"wpb_text_column has-custom-color wpex-child-inherit-color wpb_content_element vc_custom_1757511640258\" >\n\t\t<div class=\"wpb_wrapper\">\n\t\t\t<p style=\"text-align: center;\">\u00a9 2025 TIRRENA S.r.l.<\/p>\n<p style=\"text-align: center;\">Sociedade com s\u00f3cio \u00fanico sujeita \u00e0 atividade de dire\u00e7\u00e3o e coordena\u00e7\u00e3o da Fintirrena S.r.L.<\/p>\n<p style=\"text-align: center;\">P. Iva 01374420451 - <a href=\"\/pt-br\/privacy-cookie-policy\/\">Pol\u00edtica de privacidade e cookies<\/a>\u00a0- <a href=\"https:\/\/alexdigitale.net\/bv\/\">Website by AlexDigitale<\/a><\/p>\n\n\t\t<\/div>\n\t<\/div>\n<\/div><\/div><\/div><\/div>\n<\/div>[\/vc_column][\/vc_row]\n<\/div>","protected":false},"excerpt":{"rendered":"INFORMA\u00c7\u00d5ES DE ACORDO COM OS ARTIGOS 13-14 DO GDPR (REGULAMENTO GERAL DE PROTE\u00c7\u00c3O DE DADOS) 2016\/679 TIRRENA S.r.l. - P. Iva 01374420451 email privacy@tirrena.it, Controlador de Dados, informa que seus dados ser\u00e3o processados da maneira e para os fins indicados abaixo. O Controlador tem o compromisso de proteger a privacidade e a confidencialidade dos Dados&hellip;","protected":false},"author":2,"featured_media":0,"parent":0,"menu_order":0,"comment_status":"closed","ping_status":"closed","template":"","meta":{"inline_featured_image":false,"footnotes":""},"class_list":["post-1880","page","type-page","status-publish","hentry","entry","no-media"],"_links":{"self":[{"href":"https:\/\/tirrena.global\/pt-br\/wp-json\/wp\/v2\/pages\/1880","targetHints":{"allow":["GET"]}}],"collection":[{"href":"https:\/\/tirrena.global\/pt-br\/wp-json\/wp\/v2\/pages"}],"about":[{"href":"https:\/\/tirrena.global\/pt-br\/wp-json\/wp\/v2\/types\/page"}],"author":[{"embeddable":true,"href":"https:\/\/tirrena.global\/pt-br\/wp-json\/wp\/v2\/users\/2"}],"replies":[{"embeddable":true,"href":"https:\/\/tirrena.global\/pt-br\/wp-json\/wp\/v2\/comments?post=1880"}],"version-history":[{"count":16,"href":"https:\/\/tirrena.global\/pt-br\/wp-json\/wp\/v2\/pages\/1880\/revisions"}],"predecessor-version":[{"id":2389,"href":"https:\/\/tirrena.global\/pt-br\/wp-json\/wp\/v2\/pages\/1880\/revisions\/2389"}],"wp:attachment":[{"href":"https:\/\/tirrena.global\/pt-br\/wp-json\/wp\/v2\/media?parent=1880"}],"curies":[{"name":"wp","href":"https:\/\/api.w.org\/{rel}","templated":true}]}}