{"id":1863,"date":"2023-02-07T12:24:38","date_gmt":"2023-02-07T11:24:38","guid":{"rendered":"https:\/\/tirrena.global\/contatti\/"},"modified":"2023-07-22T18:22:02","modified_gmt":"2023-07-22T16:22:02","slug":"contatti","status":"publish","type":"page","link":"https:\/\/tirrena.global\/pt-br\/contatti\/","title":{"rendered":"Contato"},"content":{"rendered":"<div class=\"wpb-content-wrapper\">[vc_row css_animation=&#8221;fadeIn&#8221; full_width=&#8221;stretch_row&#8221; content_placement=&#8221;middle&#8221; el_class=&#8221;min_height650 min_height300&#8243; css=&#8221;.vc_custom_1678278486591{background-image: url(https:\/\/tirrena.global\/wp-content\/uploads\/2023\/03\/tirrena_contatti.png?id=1110) !important;background-position: center !important;background-repeat: no-repeat !important;background-size: cover !important;}&#8221;][vc_column css_animation=&#8221;fadeInLeft&#8221; width=&#8221;2\/3&#8243; css_animation_delay=&#8221;0.4&#8243;][vc_column_text el_class=&#8221;scritta_bg&#8221;]Tirrena[\/vc_column_text][vc_column_text color=&#8221;#ffffff&#8221; el_class=&#8221;titolo_pag_servizi&#8221;]\n<h1>Contato<\/h1>\n[\/vc_column_text][\/vc_column][vc_column width=&#8221;1\/3&#8243;][\/vc_column][\/vc_row][vc_row content_placement=&#8221;middle&#8221; el_class=&#8221;margin_top150&#8243;][vc_column css_animation=&#8221;fadeInLeft&#8221; width=&#8221;5\/12&#8243; el_class=&#8221;margine_mobile60&#8243;][vc_single_image image=&#8221;1763&#8243; el_class=&#8221;desktop&#8221;][\/vc_column][vc_column width=&#8221;1\/12&#8243;][\/vc_column][vc_column css_animation=&#8221;fadeInRight&#8221; width=&#8221;1\/2&#8243;][vc_column_text el_class=&#8221;line_height&#8221;]\n<h2>It\u00e1<span style=\"color: #00769a;\">lia<\/span><\/h2>\n[\/vc_column_text][vc_column_text css=&#8221;.vc_custom_1678274494239{margin-top: 20px !important;}&#8221;]TIRRENA s.r.l.[\/vc_column_text]<style>.vcex-list_item.vcex_69e760798b961{font-size:16px;font-family:Inter, sans-serif;font-weight:400;line-height:27px;color:#696e76;}.vcex-list_item.vcex_69e760798b961 .vcex-list-item-icon-inner{color:#dd3333;}<\/style><div class=\"vcex-list_item vcex-module wpex-m-0 wpex-max-w-100 wpex-mb-5 vc_custom_1678277700338 vcex_69e760798b961\"><a  href=\"https:\/\/goo.gl\/maps\/CinywGkRa2jDoFzW6\" class=\"vcex-list-item-link wpex-no-underline wpex-inherit-color\"><div class=\"vcex-list-item-inner wpex-inline-flex wpex-flex-no-wrap\"><div class=\"vcex-list-item-icon wpex-mr-10\"><div class=\"vcex-list-item-icon-inner vcex-icon-wrap wpex-inline-flex wpex-justify-center wpex-items-center wpex-leading-none wpex-child-inherit-color\"><span class=\"ticon ticon-map-marker\" aria-hidden=\"true\"><\/span><\/div><\/div><div class=\"vcex-list-item-text vcex-content wpex-flex-grow\">Viale Domenico Zaccagna, 6<br \/>\n54033 \u2013 Avenza Carrara (MS) Italy<\/div><\/div><\/a><\/div>[vc_column_text css=&#8221;.vc_custom_1683477872190{margin-top: 20px !important;}&#8221;]Telefone: <a href=\"tel:+39058550731\">+39 0585 50731<\/a><br \/>\nFax: +39 0585 507333[\/vc_column_text]<style>.vcex-list_item.vcex_69e760798d034{font-size:16px;font-family:Inter, sans-serif;font-weight:400;line-height:22px;}.vcex-list_item.vcex_69e760798d034 .vcex-list-item-icon-inner{color:#00769a;}<\/style><div class=\"vcex-list_item vcex-module wpex-m-0 wpex-max-w-100 wpex-mb-5 vc_custom_1683477902697 vcex_69e760798d034\"><div class=\"vcex-list-item-inner wpex-inline-flex wpex-flex-no-wrap\"><div class=\"vcex-list-item-icon wpex-mr-10\"><div class=\"vcex-list-item-icon-inner vcex-icon-wrap wpex-inline-flex wpex-justify-center wpex-items-center wpex-leading-none wpex-child-inherit-color\"><span class=\"ticon ticon-briefcase\" aria-hidden=\"true\"><\/span><\/div><\/div><div class=\"vcex-list-item-text vcex-content wpex-flex-grow\"><a href=\"mailto:hr@tirrena.it\">Trabalhe conosco<\/a><\/div><\/div><\/div><style>.vcex-list_item.vcex_69e760798d45b{font-size:16px;font-family:Inter, sans-serif;font-weight:400;line-height:22px;}.vcex-list_item.vcex_69e760798d45b .vcex-list-item-icon-inner{color:#00769a;}<\/style><div class=\"vcex-list_item vcex-module wpex-m-0 wpex-max-w-100 wpex-mb-5 vc_custom_1683477939118 vcex_69e760798d45b\"><div class=\"vcex-list-item-inner wpex-inline-flex wpex-flex-no-wrap\"><div class=\"vcex-list-item-icon wpex-mr-10\"><div class=\"vcex-list-item-icon-inner vcex-icon-wrap wpex-inline-flex wpex-justify-center wpex-items-center wpex-leading-none wpex-child-inherit-color\"><span class=\"ticon ticon-handshake-o\" aria-hidden=\"true\"><\/span><\/div><\/div><div class=\"vcex-list-item-text vcex-content wpex-flex-grow\"><a href=\"mailto:sales@tirrena.it\">Solicitar uma cota\u00e7\u00e3o<\/a><\/div><\/div><\/div><style>.vcex-bullets.vcex_69e760798d7f3 .vcex-bullets-icon{color:#00769a;}.vcex-bullets.vcex_69e760798d7f3{color:#696e76;font-size:16px;font-family:Inter, sans-serif;font-weight:400;}<\/style><div class=\"vcex-module vcex-bullets custom-icon vc_custom_1683478307210 vcex_69e760798d7f3\">\n<ul>\n<li><div class=\"vcex-bullets-ci-wrap wpex-inline-flex\"><span class=\"vcex-bullets-icon-wrap vcex-icon-wrap wpex-mr-10\"><span class=\"vcex-bullets-icon vcex-icon ticon ticon-caret-right\" aria-hidden=\"true\"><\/span><\/span><div class=\"vcex-content wpex-flex-grow\">Demandas gerais: <a href=\"mailto:reception@tirrena.it\">reception@tirrena.it<\/a><\/div><\/div><\/li>\n<li><div class=\"vcex-bullets-ci-wrap wpex-inline-flex\"><span class=\"vcex-bullets-icon-wrap vcex-icon-wrap wpex-mr-10\"><span class=\"vcex-bullets-icon vcex-icon ticon ticon-caret-right\" aria-hidden=\"true\"><\/span><\/span><div class=\"vcex-content wpex-flex-grow\">Comercial: <a href=\"mailto:sales@tirrena.it\">sales@tirrena.it<\/a><\/div><\/div><\/li>\n<li><div class=\"vcex-bullets-ci-wrap wpex-inline-flex\"><span class=\"vcex-bullets-icon-wrap vcex-icon-wrap wpex-mr-10\"><span class=\"vcex-bullets-icon vcex-icon ticon ticon-caret-right\" aria-hidden=\"true\"><\/span><\/span><div class=\"vcex-content wpex-flex-grow\">Exporta\u00e7\u00e3o: <a href=\"mailto:export@tirrena.it\">export@tirrena.it<\/a><\/div><\/div><\/li>\n<li><div class=\"vcex-bullets-ci-wrap wpex-inline-flex\"><span class=\"vcex-bullets-icon-wrap vcex-icon-wrap wpex-mr-10\"><span class=\"vcex-bullets-icon vcex-icon ticon ticon-caret-right\" aria-hidden=\"true\"><\/span><\/span><div class=\"vcex-content wpex-flex-grow\">Importa\u00e7\u00e3o: <a href=\"mailto:import@tirrena.it\">import@tirrena.it<\/a><\/div><\/div><\/li>\n<li><div class=\"vcex-bullets-ci-wrap wpex-inline-flex\"><span class=\"vcex-bullets-icon-wrap vcex-icon-wrap wpex-mr-10\"><span class=\"vcex-bullets-icon vcex-icon ticon ticon-caret-right\" aria-hidden=\"true\"><\/span><\/span><div class=\"vcex-content wpex-flex-grow\">Transporte a\u00e9reo: <a href=\"mailto:airfreight@tirrena.it\">airfreight@tirrena.it<\/a><\/div><\/div><\/li>\n<li><div class=\"vcex-bullets-ci-wrap wpex-inline-flex\"><span class=\"vcex-bullets-icon-wrap vcex-icon-wrap wpex-mr-10\"><span class=\"vcex-bullets-icon vcex-icon ticon ticon-caret-right\" aria-hidden=\"true\"><\/span><\/span><div class=\"vcex-content wpex-flex-grow\">Transporte terrestre: <a href=\"mailto:landfreight@tirrena.it\">landfreight@tirrena.it<\/a><\/div><\/div><\/li>\n<li><div class=\"vcex-bullets-ci-wrap wpex-inline-flex\"><span class=\"vcex-bullets-icon-wrap vcex-icon-wrap wpex-mr-10\"><span class=\"vcex-bullets-icon vcex-icon ticon ticon-caret-right\" aria-hidden=\"true\"><\/span><\/span><div class=\"vcex-content wpex-flex-grow\">Administrativo: <a href=\"mailto:contab@tirrena.it\">contab@tirrena.it<\/a><\/div><\/div><\/li>\n<li><div class=\"vcex-bullets-ci-wrap wpex-inline-flex\"><span class=\"vcex-bullets-icon-wrap vcex-icon-wrap wpex-mr-10\"><span class=\"vcex-bullets-icon vcex-icon ticon ticon-caret-right\" aria-hidden=\"true\"><\/span><\/span><div class=\"vcex-content wpex-flex-grow\">Trabalhar connosco: <a href=\"mailto:hr@tirrena.it\">hr@tirrena.it<\/a><\/div><\/div><\/li>\n<\/ul>\n<\/div>[\/vc_column][\/vc_row][vc_row full_width=&#8221;stretch_row&#8221; content_placement=&#8221;middle&#8221; equal_height=&#8221;yes&#8221; css=&#8221;.vc_custom_1677837436058{background-color: #e0efee !important;}&#8221; el_class=&#8221;bg_azzurro_company margin_top100 margine_mobile60&#8243; wpex_bg_position=&#8221;0% 100%&#8221;][vc_column css_animation=&#8221;fadeInRight&#8221; width=&#8221;5\/12&#8243; el_class=&#8221;dx&#8221;][vc_single_image image=&#8221;1764&#8243; el_class=&#8221;desktop&#8221;][\/vc_column][vc_column css_animation=&#8221;fadeInLeft&#8221; width=&#8221;1\/2&#8243;][vc_column_text el_class=&#8221;line_height&#8221;]\n<h2>Bra<span style=\"color: #00769a;\">sil<\/span><\/h2>\n[\/vc_column_text][vc_column_text css=&#8221;.vc_custom_1683478404091{margin-top: 20px !important;}&#8221;]TIRRENA TRANSPORTES INTERNACIONAIS LTDA.<\/p>\n<p>Curitiba &#8211; Paran\u00e1 &#8211; Brasil<\/p>\n<p>Telefone: <a href=\"tel:+554130212223\">+55 41 3021 2223<\/a><br \/>\nFax: +55 41 3021-2232<\/p>\n<p>Email: <a href=\"mailto:info@tirrena.com.br\">info@tirrena.com.br<\/a>[\/vc_column_text][\/vc_column][vc_column width=&#8221;1\/12&#8243;][\/vc_column][\/vc_row][vc_row css_animation=&#8221;fadeInUp&#8221; content_placement=&#8221;middle&#8221; el_class=&#8221;margin_top100&#8243; css=&#8221;.vc_custom_1678276118675{margin-bottom: 70px !important;}&#8221;][vc_column css_animation=&#8221;none&#8221;][vc_column_text el_class=&#8221;line_height&#8221; css=&#8221;.vc_custom_1683478439263{margin-bottom: 20px !important;}&#8221;]\n<h2 style=\"text-align: center;\">Perguntas <span style=\"color: #00769a;\">gerais<\/span><\/h2>\n[\/vc_column_text]\n<div class=\"wpcf7 no-js\" id=\"wpcf7-f1877-o1\" lang=\"en-US\" dir=\"ltr\" data-wpcf7-id=\"1877\">\n<div class=\"screen-reader-response\"><p role=\"status\" aria-live=\"polite\" aria-atomic=\"true\"><\/p> <ul><\/ul><\/div>\n<form action=\"\/pt-br\/wp-json\/wp\/v2\/pages\/1863#wpcf7-f1877-o1\" method=\"post\" class=\"wpcf7-form init\" aria-label=\"Contact form\" novalidate=\"novalidate\" data-status=\"init\">\n<div style=\"display: none;\">\n<input type=\"hidden\" name=\"_wpcf7\" value=\"1877\" \/>\n<input type=\"hidden\" name=\"_wpcf7_version\" value=\"6.0.6\" \/>\n<input type=\"hidden\" name=\"_wpcf7_locale\" value=\"en_US\" \/>\n<input type=\"hidden\" name=\"_wpcf7_unit_tag\" value=\"wpcf7-f1877-o1\" \/>\n<input type=\"hidden\" name=\"_wpcf7_container_post\" value=\"0\" \/>\n<input type=\"hidden\" name=\"_wpcf7_posted_data_hash\" value=\"\" \/>\n<\/div>\n<div class=\"vc_row\">\n\t<div class=\"vc_col-sm-6\">\n\t\t<p><span class=\"wpcf7-form-control-wrap\" data-name=\"nome\"><input size=\"40\" maxlength=\"400\" class=\"wpcf7-form-control wpcf7-text wpcf7-validates-as-required\" aria-required=\"true\" aria-invalid=\"false\" placeholder=\"Nome\" value=\"\" type=\"text\" name=\"nome\" \/><\/span>\n\t\t<\/p>\n\t<\/div>\n\t<div class=\"vc_col-sm-6\">\n\t\t<p><span class=\"wpcf7-form-control-wrap\" data-name=\"email\"><input size=\"40\" maxlength=\"400\" class=\"wpcf7-form-control wpcf7-email wpcf7-text wpcf7-validates-as-email\" aria-invalid=\"false\" placeholder=\"E-mail\" value=\"\" type=\"email\" name=\"email\" \/><\/span>\n\t\t<\/p>\n\t<\/div>\n<\/div>\n<div class=\"vc_row\">\n\t<div class=\"vc_col-sm-6\">\n\t\t<p><span class=\"wpcf7-form-control-wrap\" data-name=\"telefono\"><input size=\"40\" maxlength=\"400\" class=\"wpcf7-form-control wpcf7-tel wpcf7-text wpcf7-validates-as-tel\" aria-invalid=\"false\" placeholder=\"Telefone\" value=\"\" type=\"tel\" name=\"telefono\" \/><\/span>\n\t\t<\/p>\n\t<\/div>\n\t<div class=\"vc_col-sm-6\">\n\t\t<p><span class=\"wpcf7-form-control-wrap\" data-name=\"oggetto\"><input size=\"40\" maxlength=\"400\" class=\"wpcf7-form-control wpcf7-text wpcf7-validates-as-required\" aria-required=\"true\" aria-invalid=\"false\" placeholder=\"Objecto\" value=\"\" type=\"text\" name=\"oggetto\" \/><\/span>\n\t\t<\/p>\n\t<\/div>\n<\/div>\n<div class=\"vc_row\">\n\t<div class=\"vc_col-sm-12\">\n\t\t<p><span class=\"wpcf7-form-control-wrap\" data-name=\"messaggio\"><textarea cols=\"40\" rows=\"10\" maxlength=\"2000\" class=\"wpcf7-form-control wpcf7-textarea\" aria-invalid=\"false\" placeholder=\"Mensagem\" name=\"messaggio\"><\/textarea><\/span>\n\t\t<\/p>\n\t<\/div>\n<\/div>\n<div class=\"vc_row\" style=\"margin-top:20px;\">\n\t<div class=\"vc_col-sm-12\">\n\t\t<p style=\"font-size:12px;\"><span class=\"wpcf7-form-control-wrap\" data-name=\"acceptance-208\"><span class=\"wpcf7-form-control wpcf7-acceptance\"><span class=\"wpcf7-list-item\"><label><input type=\"checkbox\" name=\"acceptance-208\" value=\"1\" aria-invalid=\"false\" \/><span class=\"wpcf7-list-item-label\">Autorizo o tratamento dos meus dados pessoais da forma e para os fins indicados no <a target=\"_blank\" href=\"#\">Pol\u00edtica de privacidade<\/a><\/span><\/label><\/span><\/span><\/span>\n\t\t<\/p>\n\t<\/div>\n<\/div>\n<div class=\"vc_row\">\n\t<div class=\"vc_col-sm-12\">\n\t\t<p><input class=\"wpcf7-form-control wpcf7-submit has-spinner\" type=\"submit\" value=\"ENVIAR\" \/>\n\t\t<\/p>\n\t<\/div>\n<\/div><div class=\"wpcf7-response-output\" aria-hidden=\"true\"><\/div>\n<\/form>\n<\/div>\n[\/vc_column][\/vc_row][vc_row full_width=&#8221;stretch_row&#8221; css=&#8221;.vc_custom_1690041009462{padding-top: 30px !important;padding-bottom: 20px !important;background-color: #31363f !important;}&#8221;][vc_column]<div class=\"templatera_shortcode\"><style type=\"text\/css\" data-type=\"vc_shortcodes-custom-css\">.vc_custom_1679491706647{margin-top: 50px !important;}.vc_custom_1675934249238{margin-bottom: 20px !important;}.vc_custom_1675851675852{margin-top: 10px !important;}.vc_custom_1679229977833{margin-top: 10px !important;}.vc_custom_1679230110221{margin-top: 10px !important;}.vc_custom_1679230176241{margin-top: 10px !important;}.vc_custom_1675853411494{margin-top: 20px !important;}.vc_custom_1679237186215{margin-top: 15px !important;}.vc_custom_1679237099459{margin-top: 15px !important;}.vc_custom_1757511491479{margin-top: 15px !important;}<\/style><div class=\"vc_row wpb_row vc_row-fluid contatti_footer vc_row-o-content-top vc_row-flex\" style=\"background-position:100% 100%!important;\"><div class=\"wpb_column vc_column_container vc_col-sm-4\"><div class=\"vc_column-inner\"><div class=\"wpb_wrapper\">\n\t<div  class=\"wpb_single_image wpb_content_element vc_align_ wpb_content_element vc_custom_1675934249238\">\n\t\t\n\t\t<figure class=\"wpb_wrapper vc_figure\">\n\t\t\t<div class=\"vc_single_image-wrapper   vc_box_border_grey\"><img class=\"vc_single_image-img \" src=\"https:\/\/tirrena.global\/wp-content\/uploads\/2023\/02\/logo_footer-190x39.png\" width=\"190\" height=\"39\" alt=\"\" title=\"\" loading=\"lazy\" \/><\/div>\n\t\t<\/figure>\n\t<\/div>\n<style>.vcex-list_item.vcex_69e7607992f4c{font-size:14px;font-family:Inter, sans-serif;font-weight:400;line-height:22px;color:#ffffff;}.vcex-list_item.vcex_69e7607992f4c .vcex-list-item-icon-inner{color:#ffffff;}<\/style><div class=\"vcex-list_item vcex-module wpex-m-0 wpex-max-w-100 wpex-mb-5 vcex_69e7607992f4c\"><a  href=\"https:\/\/goo.gl\/maps\/CinywGkRa2jDoFzW6\" class=\"vcex-list-item-link wpex-no-underline wpex-inherit-color\"><div class=\"vcex-list-item-inner wpex-inline-flex wpex-flex-no-wrap\"><div class=\"vcex-list-item-icon wpex-mr-10\"><div class=\"vcex-list-item-icon-inner vcex-icon-wrap wpex-inline-flex wpex-justify-center wpex-items-center wpex-leading-none wpex-child-inherit-color\"><span class=\"ticon ticon-map-marker\" aria-hidden=\"true\"><\/span><\/div><\/div><div class=\"vcex-list-item-text vcex-content wpex-flex-grow\">Viale Domenico Zaccagna, 6 - 54033 Avenza Carrara (MS) Italy<\/div><\/div><\/a><\/div><style>.vcex-list_item.vcex_69e76079934ac{font-size:14px;font-family:Inter, sans-serif;font-weight:400;line-height:22px;color:#ffffff;}.vcex-list_item.vcex_69e76079934ac .vcex-list-item-icon-inner{color:#ffffff;}<\/style><div class=\"vcex-list_item vcex-module wpex-m-0 wpex-max-w-100 wpex-mb-5 vc_custom_1675851675852 vcex_69e76079934ac\"><div class=\"vcex-list-item-inner wpex-inline-flex wpex-flex-no-wrap\"><div class=\"vcex-list-item-icon wpex-mr-10\"><div class=\"vcex-list-item-icon-inner vcex-icon-wrap wpex-inline-flex wpex-justify-center wpex-items-center wpex-leading-none wpex-child-inherit-color\"><span class=\"ticon ticon-phone\" aria-hidden=\"true\"><\/span><\/div><\/div><div class=\"vcex-list-item-text vcex-content wpex-flex-grow\"><a href=\"tel:+39058550731\">+39 0585 50731<\/a><\/div><\/div><\/div><style>.vcex-list_item.vcex_69e76079938a6{font-size:14px;font-family:Inter, sans-serif;font-weight:400;line-height:22px;color:#ffffff;}.vcex-list_item.vcex_69e76079938a6 .vcex-list-item-icon-inner{color:#ffffff;}<\/style><div class=\"vcex-list_item vcex-module wpex-m-0 wpex-max-w-100 wpex-mb-5 vc_custom_1679229977833 vcex_69e76079938a6\"><div class=\"vcex-list-item-inner wpex-inline-flex wpex-flex-no-wrap\"><div class=\"vcex-list-item-icon wpex-mr-10\"><div class=\"vcex-list-item-icon-inner vcex-icon-wrap wpex-inline-flex wpex-justify-center wpex-items-center wpex-leading-none wpex-child-inherit-color\"><span class=\"ticon ticon-envelope\" aria-hidden=\"true\"><\/span><\/div><\/div><div class=\"vcex-list-item-text vcex-content wpex-flex-grow\"><a href=\"mailto:reception@tirrena.it\">reception@tirrena.it<\/a><\/div><\/div><\/div><style>.vcex-list_item.vcex_69e7607993c68{font-size:14px;font-family:Inter, sans-serif;font-weight:400;line-height:22px;color:#ffffff;}.vcex-list_item.vcex_69e7607993c68 .vcex-list-item-icon-inner{color:#ffffff;}<\/style><div class=\"vcex-list_item vcex-module wpex-m-0 wpex-max-w-100 wpex-mb-5 vc_custom_1690044992593 vcex_69e7607993c68\"><div class=\"vcex-list-item-inner wpex-inline-flex wpex-flex-no-wrap\"><div class=\"vcex-list-item-icon wpex-mr-10\"><div class=\"vcex-list-item-icon-inner vcex-icon-wrap wpex-inline-flex wpex-justify-center wpex-items-center wpex-leading-none wpex-child-inherit-color\"><span class=\"ticon ticon-briefcase\" aria-hidden=\"true\"><\/span><\/div><\/div><div class=\"vcex-list-item-text vcex-content wpex-flex-grow\"><a href=\"mailto:hr@tirrena.it\">Trabalhe conosco<\/a><\/div><\/div><\/div><style>.vcex-list_item.vcex_69e7607994017{font-size:14px;font-family:Inter, sans-serif;font-weight:400;line-height:22px;color:#ffffff;}.vcex-list_item.vcex_69e7607994017 .vcex-list-item-icon-inner{color:#ffffff;}<\/style><div class=\"vcex-list_item vcex-module wpex-m-0 wpex-max-w-100 wpex-mb-5 vc_custom_1690045016420 vcex_69e7607994017\"><div class=\"vcex-list-item-inner wpex-inline-flex wpex-flex-no-wrap\"><div class=\"vcex-list-item-icon wpex-mr-10\"><div class=\"vcex-list-item-icon-inner vcex-icon-wrap wpex-inline-flex wpex-justify-center wpex-items-center wpex-leading-none wpex-child-inherit-color\"><span class=\"ticon ticon-handshake-o\" aria-hidden=\"true\"><\/span><\/div><\/div><div class=\"vcex-list-item-text vcex-content wpex-flex-grow\"><a href=\"mailto:sales@tirrena.it\">Solicite uma cota\u00e7\u00e3o<\/a><\/div><\/div><\/div><\/div><\/div><\/div><div class=\"wpb_column newsletter_footer margine_mobile vc_column_container vc_col-sm-4\"><div class=\"vc_column-inner\"><div class=\"wpb_wrapper\"><\/div><\/div><\/div><div class=\"wpb_column margine_mobile desktop vc_column_container vc_col-sm-4\"><div class=\"vc_column-inner\"><div class=\"wpb_wrapper\">\n\t<div style=\"color:#ffffff;font-family:Inter, sans-serif;font-size:16px;font-weight:700;line-height:26px;\" class=\"wpb_text_column has-custom-color wpex-child-inherit-color wpb_content_element\" >\n\t\t<div class=\"wpb_wrapper\">\n\t\t\t<p>Links \u00fateis<\/p>\n\n\t\t<\/div>\n\t<\/div>\n<div class=\"vc_row wpb_row vc_inner vc_row-fluid vc_custom_1675853411494\"><div class=\"wpb_column vc_column_container vc_col-sm-6\"><div class=\"vc_column-inner\"><div class=\"wpb_wrapper\">\n\t<div style=\"font-size:14px;font-weight:400;\" class=\"wpb_text_column wpb_content_element vc_custom_1690045079172\" >\n\t\t<div class=\"wpb_wrapper\">\n\t\t\t<p><a href=\"\/\">Home<\/a><br \/>\n<a href=\"\/company\/\">Company<\/a><br \/>\n<a href=\"\/servizi\/\">Servi\u00e7os<\/a><br \/>\n<a href=\"\/trasporti\/\">Trasporte<\/a><br \/>\n<a href=\"\/warehousing\/\">Armazenamento<\/a><br \/>\n<a href=\"\/foto-gallery\/\">Fotos<\/a><br \/>\n<a href=\"\/download\/\">Download<\/a><\/p>\n\n\t\t<\/div>\n\t<\/div>\n<\/div><\/div><\/div><div class=\"wpb_column vc_column_container vc_col-sm-6\"><div class=\"vc_column-inner\"><div class=\"wpb_wrapper\">\n\t<div style=\"font-size:14px;font-weight:400;\" class=\"wpb_text_column wpb_content_element vc_custom_1690045193496\" >\n\t\t<div class=\"wpb_wrapper\">\n\t\t\t<p><a href=\"\/contatti\/\">Contato<\/a><br \/>\n<a href=\"\/settori\/general-cargo\/\">Carga Geral<\/a><br \/>\n<a href=\"\/settori\/marble-stones-tiles\/\">M\u00e1rmore, Pedras e Telhas<\/a><br \/>\n<a href=\"\/settori\/project-cargo-machinery\/\">Carga de Projeto e Maquin\u00e1rio<\/a><br \/>\n<a href=\"\/settori\/raw-materials-industrial-products-bulk-cargo\/\">Mat\u00e9rias-Primas e Produtos Industriais<\/a><\/p>\n\n\t\t<\/div>\n\t<\/div>\n<\/div><\/div><\/div><\/div><\/div><\/div><\/div><\/div><div class=\"vc_row wpb_row vc_row-fluid vc_custom_1679491706647 hidden-phone\"><div class=\"wpb_column vc_column_container vc_col-sm-12\"><div class=\"vc_column-inner\"><div class=\"wpb_wrapper\">\n\t<div style=\"color:#95999e;font-size:14px;font-weight:400;\" class=\"wpb_text_column has-custom-color wpex-child-inherit-color wpb_content_element vc_custom_1757511640258\" >\n\t\t<div class=\"wpb_wrapper\">\n\t\t\t<p style=\"text-align: center;\">\u00a9 2025 TIRRENA S.r.l.<\/p>\n<p style=\"text-align: center;\">Sociedade com s\u00f3cio \u00fanico sujeita \u00e0 atividade de dire\u00e7\u00e3o e coordena\u00e7\u00e3o da Fintirrena S.r.L.<\/p>\n<p style=\"text-align: center;\">P. Iva 01374420451 - <a href=\"\/pt-br\/privacy-cookie-policy\/\">Pol\u00edtica de privacidade e cookies<\/a>\u00a0- <a href=\"https:\/\/alexdigitale.net\/bv\/\">Website by AlexDigitale<\/a><\/p>\n\n\t\t<\/div>\n\t<\/div>\n<\/div><\/div><\/div><\/div>\n<\/div>[\/vc_column][\/vc_row]\n<\/div>","protected":false},"excerpt":{"rendered":"Tirrena Contato It\u00e1lia TIRRENA s.r.l. Viale Domenico Zaccagna, 6 54033 \u2013 Avenza Carrara (MS) Italy Telefone: +39 0585 50731 Fax: +39 0585 507333 Trabalhe conoscoSolicitar uma cota\u00e7\u00e3o Demandas gerais: reception@tirrena.it Comercial: sales@tirrena.it Exporta\u00e7\u00e3o: export@tirrena.it Importa\u00e7\u00e3o: import@tirrena.it Transporte a\u00e9reo: airfreight@tirrena.it Transporte terrestre: landfreight@tirrena.it Administrativo: contab@tirrena.it Trabalhar connosco: hr@tirrena.it Brasil TIRRENA TRANSPORTES INTERNACIONAIS LTDA. Curitiba - Paran\u00e1&hellip;","protected":false},"author":2,"featured_media":0,"parent":0,"menu_order":0,"comment_status":"closed","ping_status":"closed","template":"","meta":{"inline_featured_image":false,"footnotes":""},"class_list":["post-1863","page","type-page","status-publish","hentry","entry","no-media"],"_links":{"self":[{"href":"https:\/\/tirrena.global\/pt-br\/wp-json\/wp\/v2\/pages\/1863","targetHints":{"allow":["GET"]}}],"collection":[{"href":"https:\/\/tirrena.global\/pt-br\/wp-json\/wp\/v2\/pages"}],"about":[{"href":"https:\/\/tirrena.global\/pt-br\/wp-json\/wp\/v2\/types\/page"}],"author":[{"embeddable":true,"href":"https:\/\/tirrena.global\/pt-br\/wp-json\/wp\/v2\/users\/2"}],"replies":[{"embeddable":true,"href":"https:\/\/tirrena.global\/pt-br\/wp-json\/wp\/v2\/comments?post=1863"}],"version-history":[{"count":10,"href":"https:\/\/tirrena.global\/pt-br\/wp-json\/wp\/v2\/pages\/1863\/revisions"}],"predecessor-version":[{"id":2200,"href":"https:\/\/tirrena.global\/pt-br\/wp-json\/wp\/v2\/pages\/1863\/revisions\/2200"}],"wp:attachment":[{"href":"https:\/\/tirrena.global\/pt-br\/wp-json\/wp\/v2\/media?parent=1863"}],"curies":[{"name":"wp","href":"https:\/\/api.w.org\/{rel}","templated":true}]}}